{"id":11975,"date":"2026-02-11T06:52:14","date_gmt":"2026-02-11T05:52:14","guid":{"rendered":"https:\/\/ostau-occitan.org\/?page_id=11975"},"modified":"2026-02-11T06:52:15","modified_gmt":"2026-02-11T05:52:15","slug":"page-actu","status":"publish","type":"page","link":"https:\/\/ostau-occitan.org\/oc\/page-actu\/","title":{"rendered":"PAGE-Actu"},"content":{"rendered":"\n<div class=\"wp-block-uagb-image uagb-block-e9395b82 wp-block-uagb-image--layout-default wp-block-uagb-image--effect-static wp-block-uagb-image--align-none\"><figure class=\"wp-block-uagb-image__figure\"><img decoding=\"async\"  sizes=\"auto, (max-width: 480px) 150px\" src=\"https:\/\/ostau-occitan.org\/wp-content\/uploads\/2026\/02\/BANActualitat.png\" alt=\"\" width=\"1366\" height=\"768\" title=\"\" loading=\"lazy\" role=\"img\"\/><\/figure><\/div>\n\n\n\n<div class=\"wp-block-uagb-image uagb-block-a0d84d16 wp-block-uagb-image--layout-default wp-block-uagb-image--effect-static wp-block-uagb-image--align-none\"><figure class=\"wp-block-uagb-image__figure\"><img decoding=\"async\"  sizes=\"auto, (max-width: 480px) 150px\" src=\"https:\/\/ostau-occitan.org\/wp-content\/uploads\/2026\/02\/construccion-scaled.png\" alt=\"\" width=\"237\" height=\"237\" title=\"\" loading=\"lazy\" role=\"img\"\/><\/figure><\/div>\n\n\n\n<p class=\"has-text-align-center\"><strong>PAGINA EN CONSTRUCCION<\/strong><\/p>\n\n\n\n<h3 class=\"wp-block-heading has-text-align-center\"><strong>QUE&#8217;S PASSA EN \u00c7\u00d2 DEUS AMICS DE L&#8217;OSTAU OCCITAN ?<br>L&#8217;ACTUALITAT DE LA CULTURA OCCITANA A BORD\u00c8U, EN GIRONDA E ENL\u00c0<\/strong><\/h3>\n\n\n\n<h3 class=\"wp-block-heading has-text-align-center\"><strong>QUE SE PASSE-T-IL CHEZ LES AMIS DE L&#8217;OSTAU OCCITAN ?<br>L&#8217;ACTUALIT\u00c9 DE LA CULTURA OCCITANA \u00c0 BORDEAUX, EN GIRONDE ET AU-DEL\u00c0<\/strong><br><\/h3>\n\n\n\n<p><\/p>\n\n\n\n<div class=\"wp-block-uagb-container uagb-block-29fd1da8 alignfull uagb-is-root-container\"><div class=\"uagb-container-inner-blocks-wrap\">\n<div class=\"wp-block-uagb-container uagb-block-5f8f3e44\">\n<p>         <strong> Texte de l&#8217;actualit\u00e9<\/strong><br>At nunc si ad aliquem bene nummatum tumentemque ideo honestus advena salutatum introieris, primitus tamquam exoptatus <br>suscipieris et interrogatus multa coactusque mentiri, miraberis numquam antea visus summatem virum tenuem te sic enixius observantem, ut paeniteat ob haec bona tamquam praecipua non vidisse ante decennium Romam.<br><\/p>\n<\/div>\n\n\n\n<div class=\"wp-block-uagb-container uagb-block-3ede959e\">\n<div class=\"wp-block-uagb-image uagb-block-7b1bdf1b wp-block-uagb-image--layout-default wp-block-uagb-image--effect-static wp-block-uagb-image--align-none\"><figure class=\"wp-block-uagb-image__figure\"><img decoding=\"async\"  sizes=\"auto, (max-width: 480px) 150px\" src=\"https:\/\/ostau-occitan.org\/wp-content\/uploads\/2026\/02\/CroixOc.png\" alt=\"\" width=\"960\" height=\"639\" title=\"\" loading=\"lazy\" role=\"img\"\/><\/figure><\/div>\n<\/div>\n<\/div><\/div>\n\n\n\n<div class=\"wp-block-uagb-container uagb-block-c0a8cb75 alignfull uagb-is-root-container\"><div class=\"uagb-container-inner-blocks-wrap\">\n<div class=\"wp-block-uagb-container uagb-block-95fad29f\">\n<div class=\"wp-block-uagb-image uagb-block-ecf08f46 wp-block-uagb-image--layout-default wp-block-uagb-image--effect-static wp-block-uagb-image--align-none\"><figure class=\"wp-block-uagb-image__figure\"><img decoding=\"async\"  sizes=\"auto, (max-width: 480px) 150px\" src=\"https:\/\/ostau-occitan.org\/wp-content\/uploads\/2026\/02\/CroixOc.png\" alt=\"\" width=\"960\" height=\"639\" title=\"\" loading=\"lazy\" role=\"img\"\/><\/figure><\/div>\n<\/div>\n\n\n\n<div class=\"wp-block-uagb-container uagb-block-f4637cc7\">\n<p>      <strong> Texte de l&#8217;actualit\u00e9<\/strong><br>      At nunc si ad aliquem bene nummatum tumentemque ideo honestus advena salutatum introieris, primitus tamquam exoptatus<br>      suscipieris et interrogatus multa coactusque mentiri, miraberis numquam antea visus summatem virum tenuem te sic enixius<br>      observantem, ut paeniteat ob haec bona tamquam praecipua non vidisse ante decennium Romam.<\/p>\n<\/div>\n<\/div><\/div>\n","protected":false},"excerpt":{"rendered":"<p>PAGINA EN CONSTRUCCION QUE&#8217;S PASSA EN \u00c7\u00d2 DEUS AMICS DE L&#8217;OSTAU OCCITAN ?L&#8217;ACTUALITAT DE LA CULTURA OCCITANA A BORD\u00c8U, EN GIRONDA E ENL\u00c0 QUE SE PASSE-T-IL CHEZ LES AMIS DE L&#8217;OSTAU OCCITAN ?L&#8217;ACTUALIT\u00c9 DE LA CULTURA OCCITANA \u00c0 BORDEAUX, EN GIRONDE ET AU-DEL\u00c0 Texte de l&#8217;actualit\u00e9At nunc si ad aliquem bene nummatum tumentemque ideo honestus [&hellip;]<\/p>\n","protected":false},"author":4,"featured_media":0,"parent":0,"menu_order":0,"comment_status":"closed","ping_status":"closed","template":"","meta":{"_uag_custom_page_level_css":"","site-sidebar-layout":"default","site-content-layout":"","ast-site-content-layout":"default","site-content-style":"default","site-sidebar-style":"default","ast-global-header-display":"","ast-banner-title-visibility":"","ast-main-header-display":"","ast-hfb-above-header-display":"","ast-hfb-below-header-display":"","ast-hfb-mobile-header-display":"","site-post-title":"disabled","ast-breadcrumbs-content":"","ast-featured-img":"","footer-sml-layout":"","ast-disable-related-posts":"","theme-transparent-header-meta":"","adv-header-id-meta":"","stick-header-meta":"","header-above-stick-meta":"","header-main-stick-meta":"","header-below-stick-meta":"","astra-migrate-meta-layouts":"set","ast-page-background-enabled":"default","ast-page-background-meta":{"desktop":{"background-color":"var(--ast-global-color-4)","background-image":"","background-repeat":"repeat","background-position":"center center","background-size":"auto","background-attachment":"scroll","background-type":"","background-media":"","overlay-type":"","overlay-color":"","overlay-opacity":"","overlay-gradient":""},"tablet":{"background-color":"","background-image":"","background-repeat":"repeat","background-position":"center center","background-size":"auto","background-attachment":"scroll","background-type":"","background-media":"","overlay-type":"","overlay-color":"","overlay-opacity":"","overlay-gradient":""},"mobile":{"background-color":"","background-image":"","background-repeat":"repeat","background-position":"center center","background-size":"auto","background-attachment":"scroll","background-type":"","background-media":"","overlay-type":"","overlay-color":"","overlay-opacity":"","overlay-gradient":""}},"ast-content-background-meta":{"desktop":{"background-color":"var(--ast-global-color-5)","background-image":"","background-repeat":"repeat","background-position":"center center","background-size":"auto","background-attachment":"scroll","background-type":"","background-media":"","overlay-type":"","overlay-color":"","overlay-opacity":"","overlay-gradient":""},"tablet":{"background-color":"var(--ast-global-color-5)","background-image":"","background-repeat":"repeat","background-position":"center center","background-size":"auto","background-attachment":"scroll","background-type":"","background-media":"","overlay-type":"","overlay-color":"","overlay-opacity":"","overlay-gradient":""},"mobile":{"background-color":"var(--ast-global-color-5)","background-image":"","background-repeat":"repeat","background-position":"center center","background-size":"auto","background-attachment":"scroll","background-type":"","background-media":"","overlay-type":"","overlay-color":"","overlay-opacity":"","overlay-gradient":""}},"footnotes":""},"class_list":["post-11975","page","type-page","status-publish","hentry"],"translation":{"provider":"WPGlobus","version":"3.0.2","language":"oc","enabled_languages":["fr","oc"],"languages":{"fr":{"title":true,"content":true,"excerpt":false},"oc":{"title":false,"content":false,"excerpt":false}}},"uagb_featured_image_src":{"full":false,"thumbnail":false,"medium":false,"medium_large":false,"large":false,"1536x1536":false,"2048x2048":false},"uagb_author_info":{"display_name":"Ostau Occitan","author_link":"https:\/\/ostau-occitan.org\/oc\/author\/ostau\/"},"uagb_comment_info":0,"uagb_excerpt":"PAGINA EN CONSTRUCCION QUE&#8217;S PASSA EN \u00c7\u00d2 DEUS AMICS DE L&#8217;OSTAU OCCITAN ?L&#8217;ACTUALITAT DE LA CULTURA OCCITANA A BORD\u00c8U, EN GIRONDA E ENL\u00c0 QUE SE PASSE-T-IL CHEZ LES AMIS DE L&#8217;OSTAU OCCITAN ?L&#8217;ACTUALIT\u00c9 DE LA CULTURA OCCITANA \u00c0 BORDEAUX, EN GIRONDE ET AU-DEL\u00c0 Texte de l&#8217;actualit\u00e9At nunc si ad aliquem bene nummatum tumentemque ideo honestus&hellip;","_links":{"self":[{"href":"https:\/\/ostau-occitan.org\/oc\/wp-json\/wp\/v2\/pages\/11975","targetHints":{"allow":["GET"]}}],"collection":[{"href":"https:\/\/ostau-occitan.org\/oc\/wp-json\/wp\/v2\/pages"}],"about":[{"href":"https:\/\/ostau-occitan.org\/oc\/wp-json\/wp\/v2\/types\/page"}],"author":[{"embeddable":true,"href":"https:\/\/ostau-occitan.org\/oc\/wp-json\/wp\/v2\/users\/4"}],"replies":[{"embeddable":true,"href":"https:\/\/ostau-occitan.org\/oc\/wp-json\/wp\/v2\/comments?post=11975"}],"version-history":[{"count":14,"href":"https:\/\/ostau-occitan.org\/oc\/wp-json\/wp\/v2\/pages\/11975\/revisions"}],"predecessor-version":[{"id":12010,"href":"https:\/\/ostau-occitan.org\/oc\/wp-json\/wp\/v2\/pages\/11975\/revisions\/12010"}],"wp:attachment":[{"href":"https:\/\/ostau-occitan.org\/oc\/wp-json\/wp\/v2\/media?parent=11975"}],"curies":[{"name":"wp","href":"https:\/\/api.w.org\/{rel}","templated":true}]}}