{"id":12011,"date":"2026-02-11T06:53:22","date_gmt":"2026-02-11T05:53:22","guid":{"rendered":"https:\/\/ostau-occitan.org\/?page_id=12011"},"modified":"2026-04-12T00:21:19","modified_gmt":"2026-04-11T22:21:19","slug":"page-aprener","status":"publish","type":"page","link":"https:\/\/ostau-occitan.org\/oc\/page-aprener\/","title":{"rendered":"Aprener"},"content":{"rendered":"\n<div class=\"wp-block-cover is-light\"><img loading=\"lazy\" decoding=\"async\" width=\"1024\" height=\"683\" class=\"wp-block-cover__image-background wp-image-13000 size-large\" alt=\"\" src=\"https:\/\/ostau-occitan.org\/wp-content\/uploads\/2026\/04\/aprener-1-1024x683.jpg\" data-object-fit=\"cover\" srcset=\"https:\/\/ostau-occitan.org\/wp-content\/uploads\/2026\/04\/aprener-1-1024x683.jpg 1024w, https:\/\/ostau-occitan.org\/wp-content\/uploads\/2026\/04\/aprener-1-300x200.jpg 300w, https:\/\/ostau-occitan.org\/wp-content\/uploads\/2026\/04\/aprener-1-768x512.jpg 768w, https:\/\/ostau-occitan.org\/wp-content\/uploads\/2026\/04\/aprener-1.jpg 1092w\" sizes=\"auto, (max-width: 1024px) 100vw, 1024px\" \/><span aria-hidden=\"true\" class=\"wp-block-cover__background has-background-dim-0 has-background-dim\" style=\"background-color:#a07d67\"><\/span><div class=\"wp-block-cover__inner-container is-layout-constrained wp-block-cover-is-layout-constrained\">\n<p class=\"has-text-align-center has-white-color has-text-color has-link-color wp-elements-5032e0c19c0e42fc40f0bc48e6cca7e5\" style=\"font-size:60px\"><strong>Apr\u00e9ner l&#8217;occitan<\/strong><br><br><br><br><br><br><br><br><strong>Apprendre l&#8217;occitan<\/strong><\/p>\n<\/div><\/div>\n\n\n\n<div class=\"wp-block-uagb-image uagb-block-a0d84d16 wp-block-uagb-image--layout-default wp-block-uagb-image--effect-static wp-block-uagb-image--align-none\"><figure class=\"wp-block-uagb-image__figure\"><img decoding=\"async\"  sizes=\"auto, (max-width: 480px) 150px\" src=\"https:\/\/ostau-occitan.org\/wp-content\/uploads\/2026\/02\/construccion-scaled.png\" alt=\"\" width=\"237\" height=\"237\" title=\"\" loading=\"lazy\" role=\"img\"\/><\/figure><\/div>\n\n\n\n<div class=\"wp-block-uagb-advanced-heading uagb-block-6631f59f\"><h2 class=\"uagb-heading-text\"><strong>PAGINA EN \u00d2BRAS<\/strong><\/h2><\/div>\n\n\n\n<p><\/p>\n\n\n\n<h3 class=\"wp-block-heading has-text-align-center\"><strong>ON APR\u00c9NER L&#8217;OCCITAN A BORD\u00c8U O EN GIRONDA  ?<\/strong><\/h3>\n\n\n\n<h3 class=\"wp-block-heading has-text-align-center\"><strong>O\u00d9 APPRENDRE L&#8217;OCCITAN \u00c0 BORDEAUX OU EN GIRONDE ?<\/strong><\/h3>\n\n\n\n<div class=\"wp-block-uagb-container uagb-block-29fd1da8 alignfull uagb-is-root-container\"><div class=\"uagb-container-inner-blocks-wrap\">\n<div class=\"wp-block-uagb-container uagb-block-5f8f3e44\">\n<p><strong>Offre de cours<\/strong><br>At nunc si ad aliquem bene nummatum tumentemque ideo honestus advena salutatum introieris, primitus tamquam exoptatus <br>suscipieris et interrogatus multa coactusque mentiri, miraberis numquam antea visus summatem virum tenuem te sic enixius observantem, ut paeniteat ob haec bona tamquam praecipua non vidisse ante decennium Romam.<br><\/p>\n<\/div>\n\n\n\n<div class=\"wp-block-uagb-container uagb-block-3ede959e\">\n<div class=\"wp-block-uagb-image uagb-block-7b1bdf1b wp-block-uagb-image--layout-default wp-block-uagb-image--effect-static wp-block-uagb-image--align-none\"><figure class=\"wp-block-uagb-image__figure\"><img decoding=\"async\"  sizes=\"auto, (max-width: 480px) 150px\" src=\"https:\/\/ostau-occitan.org\/wp-content\/uploads\/2026\/02\/CroixOc.png\" alt=\"\" width=\"960\" height=\"639\" title=\"\" loading=\"lazy\" role=\"img\"\/><\/figure><\/div>\n<\/div>\n<\/div><\/div>\n\n\n\n<div class=\"wp-block-uagb-container uagb-block-c0a8cb75 alignfull uagb-is-root-container\"><div class=\"uagb-container-inner-blocks-wrap\">\n<div class=\"wp-block-uagb-container uagb-block-95fad29f\">\n<div class=\"wp-block-uagb-image uagb-block-ecf08f46 wp-block-uagb-image--layout-default wp-block-uagb-image--effect-static wp-block-uagb-image--align-none\"><figure class=\"wp-block-uagb-image__figure\"><img decoding=\"async\"  sizes=\"auto, (max-width: 480px) 150px\" src=\"https:\/\/ostau-occitan.org\/wp-content\/uploads\/2026\/02\/CroixOc.png\" alt=\"\" width=\"960\" height=\"639\" title=\"\" loading=\"lazy\" role=\"img\"\/><\/figure><\/div>\n<\/div>\n\n\n\n<div class=\"wp-block-uagb-container uagb-block-f4637cc7\">\n<p> <strong>Offre de cours<\/strong><br> At nunc si ad aliquem bene nummatum tumentemque ideo honestus advena salutatum introieris, primitus tamquam exoptatus<br> suscipieris et interrogatus multa coactusque mentiri, miraberis numquam antea visus summatem virum tenuem te sic enixius<br> observantem, ut paeniteat ob haec bona tamquam praecipua non vidisse ante decennium Romam.<\/p>\n<\/div>\n<\/div><\/div>\n","protected":false},"excerpt":{"rendered":"<p>PAGINA EN \u00d2BRAS ON APR\u00c9NER L&#8217;OCCITAN A BORD\u00c8U O EN GIRONDA ? O\u00d9 APPRENDRE L&#8217;OCCITAN \u00c0 BORDEAUX OU EN GIRONDE ? Offre de coursAt nunc si ad aliquem bene nummatum tumentemque ideo honestus advena salutatum introieris, primitus tamquam exoptatus suscipieris et interrogatus multa coactusque mentiri, miraberis numquam antea visus summatem virum tenuem te sic enixius [&hellip;]<\/p>\n","protected":false},"author":4,"featured_media":0,"parent":0,"menu_order":0,"comment_status":"closed","ping_status":"closed","template":"","meta":{"_uag_custom_page_level_css":"","site-sidebar-layout":"default","site-content-layout":"","ast-site-content-layout":"default","site-content-style":"default","site-sidebar-style":"default","ast-global-header-display":"disabled","ast-banner-title-visibility":"","ast-main-header-display":"","ast-hfb-above-header-display":"","ast-hfb-below-header-display":"","ast-hfb-mobile-header-display":"","site-post-title":"disabled","ast-breadcrumbs-content":"","ast-featured-img":"","footer-sml-layout":"","ast-disable-related-posts":"","theme-transparent-header-meta":"","adv-header-id-meta":"","stick-header-meta":"","header-above-stick-meta":"","header-main-stick-meta":"","header-below-stick-meta":"","astra-migrate-meta-layouts":"set","ast-page-background-enabled":"default","ast-page-background-meta":{"desktop":{"background-color":"var(--ast-global-color-4)","background-image":"","background-repeat":"repeat","background-position":"center center","background-size":"auto","background-attachment":"scroll","background-type":"","background-media":"","overlay-type":"","overlay-color":"","overlay-opacity":"","overlay-gradient":""},"tablet":{"background-color":"","background-image":"","background-repeat":"repeat","background-position":"center center","background-size":"auto","background-attachment":"scroll","background-type":"","background-media":"","overlay-type":"","overlay-color":"","overlay-opacity":"","overlay-gradient":""},"mobile":{"background-color":"","background-image":"","background-repeat":"repeat","background-position":"center center","background-size":"auto","background-attachment":"scroll","background-type":"","background-media":"","overlay-type":"","overlay-color":"","overlay-opacity":"","overlay-gradient":""}},"ast-content-background-meta":{"desktop":{"background-color":"var(--ast-global-color-5)","background-image":"","background-repeat":"repeat","background-position":"center center","background-size":"auto","background-attachment":"scroll","background-type":"","background-media":"","overlay-type":"","overlay-color":"","overlay-opacity":"","overlay-gradient":""},"tablet":{"background-color":"var(--ast-global-color-5)","background-image":"","background-repeat":"repeat","background-position":"center center","background-size":"auto","background-attachment":"scroll","background-type":"","background-media":"","overlay-type":"","overlay-color":"","overlay-opacity":"","overlay-gradient":""},"mobile":{"background-color":"var(--ast-global-color-5)","background-image":"","background-repeat":"repeat","background-position":"center center","background-size":"auto","background-attachment":"scroll","background-type":"","background-media":"","overlay-type":"","overlay-color":"","overlay-opacity":"","overlay-gradient":""}},"footnotes":""},"class_list":["post-12011","page","type-page","status-publish","hentry"],"translation":{"provider":"WPGlobus","version":"3.0.2","language":"oc","enabled_languages":["fr","oc"],"languages":{"fr":{"title":true,"content":true,"excerpt":false},"oc":{"title":false,"content":false,"excerpt":false}}},"uagb_featured_image_src":{"full":false,"thumbnail":false,"medium":false,"medium_large":false,"large":false,"1536x1536":false,"2048x2048":false},"uagb_author_info":{"display_name":"Ostau Occitan","author_link":"https:\/\/ostau-occitan.org\/oc\/author\/ostau\/"},"uagb_comment_info":0,"uagb_excerpt":"PAGINA EN \u00d2BRAS ON APR\u00c9NER L&#8217;OCCITAN A BORD\u00c8U O EN GIRONDA ? O\u00d9 APPRENDRE L&#8217;OCCITAN \u00c0 BORDEAUX OU EN GIRONDE ? Offre de coursAt nunc si ad aliquem bene nummatum tumentemque ideo honestus advena salutatum introieris, primitus tamquam exoptatus suscipieris et interrogatus multa coactusque mentiri, miraberis numquam antea visus summatem virum tenuem te sic enixius&hellip;","_links":{"self":[{"href":"https:\/\/ostau-occitan.org\/oc\/wp-json\/wp\/v2\/pages\/12011","targetHints":{"allow":["GET"]}}],"collection":[{"href":"https:\/\/ostau-occitan.org\/oc\/wp-json\/wp\/v2\/pages"}],"about":[{"href":"https:\/\/ostau-occitan.org\/oc\/wp-json\/wp\/v2\/types\/page"}],"author":[{"embeddable":true,"href":"https:\/\/ostau-occitan.org\/oc\/wp-json\/wp\/v2\/users\/4"}],"replies":[{"embeddable":true,"href":"https:\/\/ostau-occitan.org\/oc\/wp-json\/wp\/v2\/comments?post=12011"}],"version-history":[{"count":16,"href":"https:\/\/ostau-occitan.org\/oc\/wp-json\/wp\/v2\/pages\/12011\/revisions"}],"predecessor-version":[{"id":13002,"href":"https:\/\/ostau-occitan.org\/oc\/wp-json\/wp\/v2\/pages\/12011\/revisions\/13002"}],"wp:attachment":[{"href":"https:\/\/ostau-occitan.org\/oc\/wp-json\/wp\/v2\/media?parent=12011"}],"curies":[{"name":"wp","href":"https:\/\/api.w.org\/{rel}","templated":true}]}}