{"id":12019,"date":"2026-02-11T06:56:41","date_gmt":"2026-02-11T05:56:41","guid":{"rendered":"https:\/\/ostau-occitan.org\/?page_id=12019"},"modified":"2026-04-12T00:25:39","modified_gmt":"2026-04-11T22:25:39","slug":"pageresorcas","status":"publish","type":"page","link":"https:\/\/ostau-occitan.org\/oc\/pageresorcas\/","title":{"rendered":"Ressorcas"},"content":{"rendered":"\n<div class=\"wp-block-cover\"><img loading=\"lazy\" decoding=\"async\" width=\"753\" height=\"753\" class=\"wp-block-cover__image-background wp-image-13003 size-full\" alt=\"\" src=\"https:\/\/ostau-occitan.org\/wp-content\/uploads\/2026\/04\/IMAresorcas.png\" data-object-fit=\"cover\" srcset=\"https:\/\/ostau-occitan.org\/wp-content\/uploads\/2026\/04\/IMAresorcas.png 753w, https:\/\/ostau-occitan.org\/wp-content\/uploads\/2026\/04\/IMAresorcas-300x300.png 300w, https:\/\/ostau-occitan.org\/wp-content\/uploads\/2026\/04\/IMAresorcas-150x150.png 150w\" sizes=\"auto, (max-width: 753px) 100vw, 753px\" \/><span aria-hidden=\"true\" class=\"wp-block-cover__background has-background-dim-0 has-background-dim\" style=\"background-color:#8d7266\"><\/span><div class=\"wp-block-cover__inner-container is-layout-constrained wp-block-cover-is-layout-constrained\">\n<p class=\"has-text-align-center has-white-color has-text-color has-link-color wp-elements-b0646e6205e9d10eefee2ecadec9025f\" style=\"font-size:70px\"><strong>Ressor\u00e7as<br><br><\/strong><br><br><strong><br><br><br>Ressources<\/strong><\/p>\n<\/div><\/div>\n\n\n\n<div class=\"wp-block-uagb-image uagb-block-a0d84d16 wp-block-uagb-image--layout-default wp-block-uagb-image--effect-static wp-block-uagb-image--align-none\"><figure class=\"wp-block-uagb-image__figure\"><img decoding=\"async\"  sizes=\"auto, (max-width: 480px) 150px\" src=\"https:\/\/ostau-occitan.org\/wp-content\/uploads\/2026\/02\/construccion-scaled.png\" alt=\"\" width=\"237\" height=\"237\" title=\"\" loading=\"lazy\" role=\"img\"\/><\/figure><\/div>\n\n\n\n<div class=\"wp-block-uagb-advanced-heading uagb-block-d9381283\"><h2 class=\"uagb-heading-text\"><strong>PAGINA EN \u00d2BRAS<\/strong><\/h2><\/div>\n\n\n\n<p><\/p>\n\n\n\n<h3 class=\"wp-block-heading has-text-align-center\">LIGAMS UTILES SUS L&#8217;OCCITAN<\/h3>\n\n\n\n<h3 class=\"wp-block-heading has-text-align-center\">LIENS UTILES SUR L&#8217;OCCITAN<\/h3>\n\n\n\n<p>      Ressources en lignes &#8211; media &#8211; associations\u2026 <\/p>\n\n\n\n<p><br>Ent\u00e0 accedir a las ressor\u00e7as, clicatz ac\u00ed devath suus ligams corresponents.<br>Pour acc\u00e9der aux ressources, cliquez ci-dessous sur les liens correspondants.<\/p>\n\n\n\n<p><strong>Type de ressource<\/strong><br>Nom de la ressource : hyperlien<br>Nom de la ressource : hyperlien<br>Nom de la ressource : hyperlien<\/p>\n\n\n\n<p><strong>Type de ressource<\/strong><br>Nom de la ressource : hyperlien<br>Nom de la ressource : hyperlien<br>Nom de la ressource : hyperlien<br><\/p>\n","protected":false},"excerpt":{"rendered":"<p>PAGINA EN \u00d2BRAS LIGAMS UTILES SUS L&#8217;OCCITAN LIENS UTILES SUR L&#8217;OCCITAN Ressources en lignes &#8211; media &#8211; associations\u2026 Ent\u00e0 accedir a las ressor\u00e7as, clicatz ac\u00ed devath suus ligams corresponents.Pour acc\u00e9der aux ressources, cliquez ci-dessous sur les liens correspondants. Type de ressourceNom de la ressource : hyperlienNom de la ressource : hyperlienNom de la ressource : [&hellip;]<\/p>\n","protected":false},"author":4,"featured_media":0,"parent":0,"menu_order":0,"comment_status":"closed","ping_status":"closed","template":"","meta":{"_uag_custom_page_level_css":"","site-sidebar-layout":"default","site-content-layout":"","ast-site-content-layout":"default","site-content-style":"default","site-sidebar-style":"default","ast-global-header-display":"disabled","ast-banner-title-visibility":"","ast-main-header-display":"","ast-hfb-above-header-display":"","ast-hfb-below-header-display":"","ast-hfb-mobile-header-display":"","site-post-title":"disabled","ast-breadcrumbs-content":"","ast-featured-img":"","footer-sml-layout":"","ast-disable-related-posts":"","theme-transparent-header-meta":"","adv-header-id-meta":"","stick-header-meta":"","header-above-stick-meta":"","header-main-stick-meta":"","header-below-stick-meta":"","astra-migrate-meta-layouts":"set","ast-page-background-enabled":"default","ast-page-background-meta":{"desktop":{"background-color":"var(--ast-global-color-4)","background-image":"","background-repeat":"repeat","background-position":"center center","background-size":"auto","background-attachment":"scroll","background-type":"","background-media":"","overlay-type":"","overlay-color":"","overlay-opacity":"","overlay-gradient":""},"tablet":{"background-color":"","background-image":"","background-repeat":"repeat","background-position":"center center","background-size":"auto","background-attachment":"scroll","background-type":"","background-media":"","overlay-type":"","overlay-color":"","overlay-opacity":"","overlay-gradient":""},"mobile":{"background-color":"","background-image":"","background-repeat":"repeat","background-position":"center center","background-size":"auto","background-attachment":"scroll","background-type":"","background-media":"","overlay-type":"","overlay-color":"","overlay-opacity":"","overlay-gradient":""}},"ast-content-background-meta":{"desktop":{"background-color":"var(--ast-global-color-5)","background-image":"","background-repeat":"repeat","background-position":"center center","background-size":"auto","background-attachment":"scroll","background-type":"","background-media":"","overlay-type":"","overlay-color":"","overlay-opacity":"","overlay-gradient":""},"tablet":{"background-color":"var(--ast-global-color-5)","background-image":"","background-repeat":"repeat","background-position":"center center","background-size":"auto","background-attachment":"scroll","background-type":"","background-media":"","overlay-type":"","overlay-color":"","overlay-opacity":"","overlay-gradient":""},"mobile":{"background-color":"var(--ast-global-color-5)","background-image":"","background-repeat":"repeat","background-position":"center center","background-size":"auto","background-attachment":"scroll","background-type":"","background-media":"","overlay-type":"","overlay-color":"","overlay-opacity":"","overlay-gradient":""}},"footnotes":""},"class_list":["post-12019","page","type-page","status-publish","hentry"],"translation":{"provider":"WPGlobus","version":"3.0.2","language":"oc","enabled_languages":["fr","oc"],"languages":{"fr":{"title":true,"content":true,"excerpt":false},"oc":{"title":false,"content":false,"excerpt":false}}},"uagb_featured_image_src":{"full":false,"thumbnail":false,"medium":false,"medium_large":false,"large":false,"1536x1536":false,"2048x2048":false},"uagb_author_info":{"display_name":"Ostau Occitan","author_link":"https:\/\/ostau-occitan.org\/oc\/author\/ostau\/"},"uagb_comment_info":0,"uagb_excerpt":"PAGINA EN \u00d2BRAS LIGAMS UTILES SUS L&#8217;OCCITAN LIENS UTILES SUR L&#8217;OCCITAN Ressources en lignes &#8211; media &#8211; associations\u2026 Ent\u00e0 accedir a las ressor\u00e7as, clicatz ac\u00ed devath suus ligams corresponents.Pour acc\u00e9der aux ressources, cliquez ci-dessous sur les liens correspondants. Type de ressourceNom de la ressource : hyperlienNom de la ressource : hyperlienNom de la ressource :&hellip;","_links":{"self":[{"href":"https:\/\/ostau-occitan.org\/oc\/wp-json\/wp\/v2\/pages\/12019","targetHints":{"allow":["GET"]}}],"collection":[{"href":"https:\/\/ostau-occitan.org\/oc\/wp-json\/wp\/v2\/pages"}],"about":[{"href":"https:\/\/ostau-occitan.org\/oc\/wp-json\/wp\/v2\/types\/page"}],"author":[{"embeddable":true,"href":"https:\/\/ostau-occitan.org\/oc\/wp-json\/wp\/v2\/users\/4"}],"replies":[{"embeddable":true,"href":"https:\/\/ostau-occitan.org\/oc\/wp-json\/wp\/v2\/comments?post=12019"}],"version-history":[{"count":4,"href":"https:\/\/ostau-occitan.org\/oc\/wp-json\/wp\/v2\/pages\/12019\/revisions"}],"predecessor-version":[{"id":13005,"href":"https:\/\/ostau-occitan.org\/oc\/wp-json\/wp\/v2\/pages\/12019\/revisions\/13005"}],"wp:attachment":[{"href":"https:\/\/ostau-occitan.org\/oc\/wp-json\/wp\/v2\/media?parent=12019"}],"curies":[{"name":"wp","href":"https:\/\/api.w.org\/{rel}","templated":true}]}}