{"id":12021,"date":"2026-02-11T06:56:10","date_gmt":"2026-02-11T05:56:10","guid":{"rendered":"https:\/\/ostau-occitan.org\/?page_id=12021"},"modified":"2026-04-22T18:23:44","modified_gmt":"2026-04-22T16:23:44","slug":"pagemascaret","status":"publish","type":"page","link":"https:\/\/ostau-occitan.org\/oc\/pagemascaret\/","title":{"rendered":"Mascaret"},"content":{"rendered":"\n<div class=\"wp-block-cover is-light has-x-large-font-size\"><img loading=\"lazy\" decoding=\"async\" width=\"1600\" height=\"800\" class=\"wp-block-cover__image-background wp-image-12983 size-full\" alt=\"\" src=\"https:\/\/ostau-occitan.org\/wp-content\/uploads\/2026\/04\/BandeauMascaret.png\" data-object-fit=\"cover\" srcset=\"https:\/\/ostau-occitan.org\/wp-content\/uploads\/2026\/04\/BandeauMascaret.png 1600w, https:\/\/ostau-occitan.org\/wp-content\/uploads\/2026\/04\/BandeauMascaret-300x150.png 300w, https:\/\/ostau-occitan.org\/wp-content\/uploads\/2026\/04\/BandeauMascaret-1024x512.png 1024w, https:\/\/ostau-occitan.org\/wp-content\/uploads\/2026\/04\/BandeauMascaret-768x384.png 768w, https:\/\/ostau-occitan.org\/wp-content\/uploads\/2026\/04\/BandeauMascaret-1536x768.png 1536w\" sizes=\"auto, (max-width: 1600px) 100vw, 1600px\" \/><span aria-hidden=\"true\" class=\"wp-block-cover__background has-background-dim-0 has-background-dim\" style=\"background-color:#e07e6d\"><\/span><div class=\"wp-block-cover__inner-container is-layout-constrained wp-block-cover-is-layout-constrained\">\n<p class=\"has-text-align-center has-white-color has-text-color has-link-color wp-elements-9970ab404a6878adc2ad4930c1abc795\" style=\"font-size:44px;line-height:1\"><strong>MASCARET 2026<\/strong><br><br><br><strong><br>hestenau occitan <\/strong><br><strong>de Bord\u00e8u e de Gironda<\/strong><br><strong><br>festival occitan <\/strong><br><strong>de Bordeaux et de la Gironde<\/strong><\/p>\n<\/div><\/div>\n\n\n\n<div style=\"height:100px\" aria-hidden=\"true\" class=\"wp-block-spacer\"><\/div>\n\n\n\n<h3 class=\"wp-block-heading has-text-align-center\">Cada autona despuish 2011, lo hestenau Mascaret que celebra la lenga e la cultura occitanas.<br>Los eveniments, organizats a Bord\u00e8u e en tota Gironda, que ser\u00e0n anonciats ac\u00ed devath.<\/h3>\n\n\n\n<div style=\"height:100px\" aria-hidden=\"true\" class=\"wp-block-spacer\"><\/div>\n\n\n\n<p class=\"has-medium-font-size\">L\u2019Ostau Occitan apresta la 15<sup>nau<\/sup> edicion deu Hestenau Occitan MASCARET que se debanar\u00e0 de la fin de seteme au comen\u00e7ament de noveme 2026 dens Bord\u00e8u e d&#8217;autas comunas de Gironda.<\/p>\n\n\n\n<p class=\"has-medium-font-size\">Son dej\u00e0 programats&nbsp;: estagi de cantas occitanas, marcat de productors locaus h\u00e8stiu (damb cant\u00e8ra e bal\u00e8ti tradicionau), conferencias, filmes documentaris \u2026<\/p>\n\n\n\n<p class=\"has-medium-font-size\"><a href=\"https:\/\/hestenau-mascaret.fr\/\" target=\"_blank\" rel=\"noreferrer noopener\">Programa deu darr\u00e8r Mascaret (2025)<\/a><\/p>\n\n\n\n<div style=\"height:49px\" aria-hidden=\"true\" class=\"wp-block-spacer\"><\/div>\n\n\n\n<p class=\"has-medium-font-size\">L\u2019Ostau Occitan pr\u00e9pare la 15<sup>e<\/sup> \u00e9dition du Festival occitan MASCARET qui se d\u00e9roulera de la fin septembre au d\u00e9but de novembre 2026 dans Bordeaux et d\u2019autres communes de Gironde.<\/p>\n\n\n\n<p class=\"has-medium-font-size\">Sont d\u00e9j\u00e0 programm\u00e9s&nbsp;: stage de chants occitans, march\u00e9 de producteurs locaux festif (avec cant\u00e8ra et bal trad), conf\u00e9rences, films documentaires \u2026<\/p>\n\n\n\n<p class=\"has-medium-font-size\"><a href=\"https:\/\/hestenau-mascaret.fr\/\" target=\"_blank\" rel=\"noreferrer noopener\">Programme du dernier Mascaret (2025)<\/a><\/p>\n\n\n\n<p><\/p>\n","protected":false},"excerpt":{"rendered":"<p>Cada autona despuish 2011, lo hestenau Mascaret que celebra la lenga e la cultura occitanas.Los eveniments, organizats a Bord\u00e8u e en tota Gironda, que ser\u00e0n anonciats ac\u00ed devath. L\u2019Ostau Occitan apresta la 15nau edicion deu Hestenau Occitan MASCARET que se debanar\u00e0 de la fin de seteme au comen\u00e7ament de noveme 2026 dens Bord\u00e8u e d&#8217;autas [&hellip;]<\/p>\n","protected":false},"author":4,"featured_media":12982,"parent":0,"menu_order":0,"comment_status":"closed","ping_status":"closed","template":"","meta":{"_uag_custom_page_level_css":"","site-sidebar-layout":"default","site-content-layout":"","ast-site-content-layout":"default","site-content-style":"default","site-sidebar-style":"default","ast-global-header-display":"","ast-banner-title-visibility":"","ast-main-header-display":"","ast-hfb-above-header-display":"","ast-hfb-below-header-display":"","ast-hfb-mobile-header-display":"","site-post-title":"disabled","ast-breadcrumbs-content":"","ast-featured-img":"disabled","footer-sml-layout":"","ast-disable-related-posts":"","theme-transparent-header-meta":"","adv-header-id-meta":"","stick-header-meta":"","header-above-stick-meta":"","header-main-stick-meta":"","header-below-stick-meta":"","astra-migrate-meta-layouts":"set","ast-page-background-enabled":"default","ast-page-background-meta":{"desktop":{"background-color":"var(--ast-global-color-4)","background-image":"","background-repeat":"repeat","background-position":"center center","background-size":"auto","background-attachment":"scroll","background-type":"","background-media":"","overlay-type":"","overlay-color":"","overlay-opacity":"","overlay-gradient":""},"tablet":{"background-color":"","background-image":"","background-repeat":"repeat","background-position":"center center","background-size":"auto","background-attachment":"scroll","background-type":"","background-media":"","overlay-type":"","overlay-color":"","overlay-opacity":"","overlay-gradient":""},"mobile":{"background-color":"","background-image":"","background-repeat":"repeat","background-position":"center center","background-size":"auto","background-attachment":"scroll","background-type":"","background-media":"","overlay-type":"","overlay-color":"","overlay-opacity":"","overlay-gradient":""}},"ast-content-background-meta":{"desktop":{"background-color":"var(--ast-global-color-5)","background-image":"","background-repeat":"repeat","background-position":"center center","background-size":"auto","background-attachment":"scroll","background-type":"","background-media":"","overlay-type":"","overlay-color":"","overlay-opacity":"","overlay-gradient":""},"tablet":{"background-color":"var(--ast-global-color-5)","background-image":"","background-repeat":"repeat","background-position":"center center","background-size":"auto","background-attachment":"scroll","background-type":"","background-media":"","overlay-type":"","overlay-color":"","overlay-opacity":"","overlay-gradient":""},"mobile":{"background-color":"var(--ast-global-color-5)","background-image":"","background-repeat":"repeat","background-position":"center center","background-size":"auto","background-attachment":"scroll","background-type":"","background-media":"","overlay-type":"","overlay-color":"","overlay-opacity":"","overlay-gradient":""}},"footnotes":""},"class_list":["post-12021","page","type-page","status-publish","has-post-thumbnail","hentry"],"translation":{"provider":"WPGlobus","version":"3.0.2","language":"oc","enabled_languages":["fr","oc"],"languages":{"fr":{"title":true,"content":true,"excerpt":false},"oc":{"title":false,"content":false,"excerpt":false}}},"uagb_featured_image_src":{"full":["https:\/\/ostau-occitan.org\/wp-content\/uploads\/2026\/04\/Pontdepierre.png",400,400,false],"thumbnail":["https:\/\/ostau-occitan.org\/wp-content\/uploads\/2026\/04\/Pontdepierre-150x150.png",150,150,true],"medium":["https:\/\/ostau-occitan.org\/wp-content\/uploads\/2026\/04\/Pontdepierre-300x300.png",300,300,true],"medium_large":["https:\/\/ostau-occitan.org\/wp-content\/uploads\/2026\/04\/Pontdepierre.png",400,400,false],"large":["https:\/\/ostau-occitan.org\/wp-content\/uploads\/2026\/04\/Pontdepierre.png",400,400,false],"1536x1536":["https:\/\/ostau-occitan.org\/wp-content\/uploads\/2026\/04\/Pontdepierre.png",400,400,false],"2048x2048":["https:\/\/ostau-occitan.org\/wp-content\/uploads\/2026\/04\/Pontdepierre.png",400,400,false]},"uagb_author_info":{"display_name":"Ostau Occitan","author_link":"https:\/\/ostau-occitan.org\/oc\/author\/ostau\/"},"uagb_comment_info":0,"uagb_excerpt":"Cada autona despuish 2011, lo hestenau Mascaret que celebra la lenga e la cultura occitanas.Los eveniments, organizats a Bord\u00e8u e en tota Gironda, que ser\u00e0n anonciats ac\u00ed devath. L\u2019Ostau Occitan apresta la 15nau edicion deu Hestenau Occitan MASCARET que se debanar\u00e0 de la fin de seteme au comen\u00e7ament de noveme 2026 dens Bord\u00e8u e d&#8217;autas&hellip;","_links":{"self":[{"href":"https:\/\/ostau-occitan.org\/oc\/wp-json\/wp\/v2\/pages\/12021","targetHints":{"allow":["GET"]}}],"collection":[{"href":"https:\/\/ostau-occitan.org\/oc\/wp-json\/wp\/v2\/pages"}],"about":[{"href":"https:\/\/ostau-occitan.org\/oc\/wp-json\/wp\/v2\/types\/page"}],"author":[{"embeddable":true,"href":"https:\/\/ostau-occitan.org\/oc\/wp-json\/wp\/v2\/users\/4"}],"replies":[{"embeddable":true,"href":"https:\/\/ostau-occitan.org\/oc\/wp-json\/wp\/v2\/comments?post=12021"}],"version-history":[{"count":9,"href":"https:\/\/ostau-occitan.org\/oc\/wp-json\/wp\/v2\/pages\/12021\/revisions"}],"predecessor-version":[{"id":13039,"href":"https:\/\/ostau-occitan.org\/oc\/wp-json\/wp\/v2\/pages\/12021\/revisions\/13039"}],"wp:featuredmedia":[{"embeddable":true,"href":"https:\/\/ostau-occitan.org\/oc\/wp-json\/wp\/v2\/media\/12982"}],"wp:attachment":[{"href":"https:\/\/ostau-occitan.org\/oc\/wp-json\/wp\/v2\/media?parent=12021"}],"curies":[{"name":"wp","href":"https:\/\/api.w.org\/{rel}","templated":true}]}}