{"id":12042,"date":"2026-02-11T06:51:08","date_gmt":"2026-02-11T05:51:08","guid":{"rendered":"https:\/\/ostau-occitan.org\/?page_id=12042"},"modified":"2026-02-11T06:51:09","modified_gmt":"2026-02-11T05:51:09","slug":"archiu-jornada-occitana-2026","status":"publish","type":"page","link":"https:\/\/ostau-occitan.org\/oc\/archiu-jornada-occitana-2026\/","title":{"rendered":"Archiu : Jornada occitana 2026"},"content":{"rendered":"\n<div class=\"wp-block-uagb-image uagb-block-d5b88a66 wp-block-uagb-image--layout-default wp-block-uagb-image--effect-static wp-block-uagb-image--align-none\"><figure class=\"wp-block-uagb-image__figure\"><img decoding=\"async\" srcset=\"https:\/\/ostau-occitan.org\/wp-content\/uploads\/2026\/01\/JornadaOccitna2026-1024x576.png ,https:\/\/ostau-occitan.org\/wp-content\/uploads\/2026\/01\/JornadaOccitna2026.png 780w, https:\/\/ostau-occitan.org\/wp-content\/uploads\/2026\/01\/JornadaOccitna2026.png 360w\" sizes=\"auto, (max-width: 480px) 150px\" src=\"https:\/\/ostau-occitan.org\/wp-content\/uploads\/2026\/01\/JornadaOccitna2026-1024x576.png\" alt=\"\" class=\"uag-image-11937\" width=\"1920\" height=\"1080\" title=\"JornadaOccitna2026\" loading=\"lazy\" role=\"img\"\/><\/figure><\/div>\n\n\n\n<div style=\"height:100px\" aria-hidden=\"true\" class=\"wp-block-spacer\"><\/div>\n\n\n\n<div class=\"wp-block-uagb-advanced-heading uagb-block-bab41afa\"><h2 class=\"uagb-heading-text\">  Per lo programa d&#8217;aqu\u00e8ra jornada, <a href=\"https:\/\/ostau-occitan.org\/wp-content\/uploads\/2026\/01\/Jornada2026programa.pdf\">clicatz ac\u00ed<\/a><\/h2><\/div>\n\n\n\n<h2 class=\"wp-block-heading\">  Per lo programa de la cant\u00e8ra, <a href=\"https:\/\/ostau-occitan.org\/wp-content\/uploads\/2026\/01\/JORNADA-OCCITANA-2026-Cantera-1.pdf\">clicatz ac\u00ed<\/a><\/h2>\n","protected":false},"excerpt":{"rendered":"<p>Per lo programa d&#8217;aqu\u00e8ra jornada, clicatz ac\u00ed Per lo programa de la cant\u00e8ra, clicatz ac\u00ed<\/p>\n","protected":false},"author":4,"featured_media":0,"parent":0,"menu_order":0,"comment_status":"closed","ping_status":"closed","template":"","meta":{"_uag_custom_page_level_css":"","site-sidebar-layout":"default","site-content-layout":"","ast-site-content-layout":"default","site-content-style":"default","site-sidebar-style":"default","ast-global-header-display":"","ast-banner-title-visibility":"","ast-main-header-display":"","ast-hfb-above-header-display":"","ast-hfb-below-header-display":"","ast-hfb-mobile-header-display":"","site-post-title":"","ast-breadcrumbs-content":"","ast-featured-img":"","footer-sml-layout":"","ast-disable-related-posts":"","theme-transparent-header-meta":"","adv-header-id-meta":"","stick-header-meta":"","header-above-stick-meta":"","header-main-stick-meta":"","header-below-stick-meta":"","astra-migrate-meta-layouts":"set","ast-page-background-enabled":"default","ast-page-background-meta":{"desktop":{"background-color":"var(--ast-global-color-4)","background-image":"","background-repeat":"repeat","background-position":"center center","background-size":"auto","background-attachment":"scroll","background-type":"","background-media":"","overlay-type":"","overlay-color":"","overlay-opacity":"","overlay-gradient":""},"tablet":{"background-color":"","background-image":"","background-repeat":"repeat","background-position":"center center","background-size":"auto","background-attachment":"scroll","background-type":"","background-media":"","overlay-type":"","overlay-color":"","overlay-opacity":"","overlay-gradient":""},"mobile":{"background-color":"","background-image":"","background-repeat":"repeat","background-position":"center center","background-size":"auto","background-attachment":"scroll","background-type":"","background-media":"","overlay-type":"","overlay-color":"","overlay-opacity":"","overlay-gradient":""}},"ast-content-background-meta":{"desktop":{"background-color":"var(--ast-global-color-5)","background-image":"","background-repeat":"repeat","background-position":"center center","background-size":"auto","background-attachment":"scroll","background-type":"","background-media":"","overlay-type":"","overlay-color":"","overlay-opacity":"","overlay-gradient":""},"tablet":{"background-color":"var(--ast-global-color-5)","background-image":"","background-repeat":"repeat","background-position":"center center","background-size":"auto","background-attachment":"scroll","background-type":"","background-media":"","overlay-type":"","overlay-color":"","overlay-opacity":"","overlay-gradient":""},"mobile":{"background-color":"var(--ast-global-color-5)","background-image":"","background-repeat":"repeat","background-position":"center center","background-size":"auto","background-attachment":"scroll","background-type":"","background-media":"","overlay-type":"","overlay-color":"","overlay-opacity":"","overlay-gradient":""}},"footnotes":""},"class_list":["post-12042","page","type-page","status-publish","hentry"],"translation":{"provider":"WPGlobus","version":"3.0.2","language":"oc","enabled_languages":["fr","oc"],"languages":{"fr":{"title":true,"content":true,"excerpt":false},"oc":{"title":false,"content":false,"excerpt":false}}},"uagb_featured_image_src":{"full":false,"thumbnail":false,"medium":false,"medium_large":false,"large":false,"1536x1536":false,"2048x2048":false},"uagb_author_info":{"display_name":"Ostau Occitan","author_link":"https:\/\/ostau-occitan.org\/oc\/author\/ostau\/"},"uagb_comment_info":0,"uagb_excerpt":"Per lo programa d&#8217;aqu\u00e8ra jornada, clicatz ac\u00ed Per lo programa de la cant\u00e8ra, clicatz ac\u00ed","_links":{"self":[{"href":"https:\/\/ostau-occitan.org\/oc\/wp-json\/wp\/v2\/pages\/12042","targetHints":{"allow":["GET"]}}],"collection":[{"href":"https:\/\/ostau-occitan.org\/oc\/wp-json\/wp\/v2\/pages"}],"about":[{"href":"https:\/\/ostau-occitan.org\/oc\/wp-json\/wp\/v2\/types\/page"}],"author":[{"embeddable":true,"href":"https:\/\/ostau-occitan.org\/oc\/wp-json\/wp\/v2\/users\/4"}],"replies":[{"embeddable":true,"href":"https:\/\/ostau-occitan.org\/oc\/wp-json\/wp\/v2\/comments?post=12042"}],"version-history":[{"count":5,"href":"https:\/\/ostau-occitan.org\/oc\/wp-json\/wp\/v2\/pages\/12042\/revisions"}],"predecessor-version":[{"id":12047,"href":"https:\/\/ostau-occitan.org\/oc\/wp-json\/wp\/v2\/pages\/12042\/revisions\/12047"}],"wp:attachment":[{"href":"https:\/\/ostau-occitan.org\/oc\/wp-json\/wp\/v2\/media?parent=12042"}],"curies":[{"name":"wp","href":"https:\/\/api.w.org\/{rel}","templated":true}]}}