{"id":12111,"date":"2026-02-12T04:32:48","date_gmt":"2026-02-12T03:32:48","guid":{"rendered":"https:\/\/ostau-occitan.org\/?page_id=12111"},"modified":"2026-04-22T18:18:09","modified_gmt":"2026-04-22T16:18:09","slug":"loccitan-ques-aquo","status":"publish","type":"page","link":"https:\/\/ostau-occitan.org\/oc\/loccitan-ques-aquo\/","title":{"rendered":"L&#8217;occitan, qu&#8217;es aqu\u00f2 ?"},"content":{"rendered":"\n<div class=\"wp-block-cover is-light has-custom-content-position is-position-bottom-center\"><img loading=\"lazy\" decoding=\"async\" width=\"1024\" height=\"512\" class=\"wp-block-cover__image-background wp-image-12100 size-large\" alt=\"Banniere L'Ostau Occitan\" src=\"https:\/\/ostau-occitan.org\/wp-content\/uploads\/2026\/02\/header-accueil-sans-texte-1024x512.png\" style=\"object-position:50% 80%\" data-object-fit=\"cover\" data-object-position=\"50% 80%\" srcset=\"https:\/\/ostau-occitan.org\/wp-content\/uploads\/2026\/02\/header-accueil-sans-texte-1024x512.png 1024w, https:\/\/ostau-occitan.org\/wp-content\/uploads\/2026\/02\/header-accueil-sans-texte-300x150.png 300w, https:\/\/ostau-occitan.org\/wp-content\/uploads\/2026\/02\/header-accueil-sans-texte-768x384.png 768w, https:\/\/ostau-occitan.org\/wp-content\/uploads\/2026\/02\/header-accueil-sans-texte-1536x768.png 1536w, https:\/\/ostau-occitan.org\/wp-content\/uploads\/2026\/02\/header-accueil-sans-texte.png 1600w\" sizes=\"auto, (max-width: 1024px) 100vw, 1024px\" \/><span aria-hidden=\"true\" class=\"wp-block-cover__background has-background-dim-0 has-background-dim\"><\/span><div class=\"wp-block-cover__inner-container is-layout-flow wp-block-cover-is-layout-flow\">\n<div style=\"height:214px\" aria-hidden=\"true\" class=\"wp-block-spacer\"><\/div>\n\n\n\n<h1 class=\"wp-block-heading has-text-align-center has-ast-global-color-5-color has-text-color has-link-color wp-elements-49c686b05e5ec927007a8fad8a464773\" style=\"line-height:0.5\"><br><br><strong>L&#8217;OSTAU OCCITAN<\/strong><\/h1>\n\n\n\n<h3 class=\"wp-block-heading has-text-align-center has-ast-global-color-5-color has-text-color has-link-color wp-elements-c45ec6b4398cf3300ba8788784ffecf0\" style=\"border-style:none;border-width:0px;border-top-left-radius:0px;border-top-right-radius:0px;border-bottom-left-radius:0px;border-bottom-right-radius:0px;font-size:25px\">SECCION DE L&#8217;INSTITUT D&#8217;ESTUDIS OCCITANS<br>PER LO DEPARTAMENT DE GIRONDA<\/h3>\n<\/div><\/div>\n\n\n\n<div style=\"height:50px\" aria-hidden=\"true\" class=\"wp-block-spacer\"><\/div>\n\n\n\n<h2 class=\"wp-block-heading has-text-align-center\">L&#8217;occitan, qu&#8217;es aqu\u00f2 ?<\/h2>\n\n\n\n<p class=\"has-medium-font-size\"><strong>L&#8217;occitan<\/strong> qu&#8217;ei ua lenga de la familha neolatina, com lo franc\u00e9s, l&#8217;espanh\u00f2u, l&#8217;italian, lo portugu\u00e9s, lo catalan, lo roman\u00e9s e quauquas autas.<\/p>\n\n\n\n<p class=\"has-medium-font-size\">Com totas las lengas romanicas, l&#8217;occitan qu&#8217;ei la resulta d&#8217;un mescladis. Qu&#8217;ei vadut de l&#8217;encontra deu latin comun dab lengas parladas sus los territ\u00f2ris conquesits per los Romans. En aquesta circonst\u00e0ncia, s\u2019ag\u00eds subertot deu gal\u00e9s e de l&#8217;aquitan. Deu temps de las invasions granas, l&#8217;occitan est\u00f3 tanben influenciat per la lengas germanicas deus darr\u00e8rs arribaires, mes pas autant com lo franc\u00e9s.<\/p>\n\n\n\n<p class=\"has-medium-font-size\">De s\u00e8gle en s\u00e8gle, l&#8217;occitan a recebut mantun nom, sovent manlhevats a un de sons dial\u00e8ctes : proven\u00e7au, lemosin, lengadocian\u2026 L&#8217;aperam tanben &#8220;lenga d&#8217;oc&#8221; despuish la fin deu s\u00e8gle XIII. Aqueth nom l&#8217;i est\u00f3 balhat per Dante Alighieri qu&#8217;aur\u00e9 coneishut las poesias liricas occitana, francesa e italiana segon lo mot emplegat per d\u00edser &#8220;\u00f2c&#8221; dens las lengas corresponentes : &#8220;lenga d&#8217;\u00f2c&#8221; per l&#8217;occitan, &#8220;lenga d&#8217;o\u00efl&#8221; per lo franc\u00e9s e &#8220;lenga de si&#8221; per l&#8217;italian.<\/p>\n\n\n\n<p class=\"has-medium-font-size\">Las termi\u00e8ras deus territ\u00f2ris occitanof\u00f2nes qu&#8217;an cambiat dab lo temps. Au dia de uei, l&#8217;occitan qu&#8217;ei parlat dens trenta dus despartaments dau mieijorn de la Fran\u00e7a, dens lo val d&#8217;Aran on ei lenga co-oficiau dab lo catalan e lo castelhan, e dens dotze valadas alpinas d&#8217;Italia. Aqueth territ\u00f2ri ei partatjat en tres grops de dial\u00e8ctes que n&#8217;empachan pas los locutors de&#8217;s compr\u00e9ner : lo gascon, l&#8217;occitan centrau (lengadocian, proven\u00e7au), lo n\u00f2rd-occitan (lemosin, auvernhat, vivaroaupenc). Daubuns lingu\u00efstas qu&#8217;estacan lo catalan a l&#8217;ensemble occitan.<\/p>\n\n\n\n<p class=\"has-medium-font-size\">Lo nombre de locutors de l&#8217;occitan, subj\u00e8cte h\u00e8ra politic, ei mauaisit de coneisher. Que c\u00e0mbia dab la definicion deu m\u00f2t &#8220;locutor&#8221;. De tot biais, l&#8217;occitan, au dia de uei, qu&#8217;ei la lenga regionau de Fran\u00e7a la mei espandida.<\/p>\n\n\n\n<figure class=\"wp-block-image size-full\"><a href=\"https:\/\/ostau-occitan.org\/wp-content\/uploads\/2026\/04\/carteOC-1.png\" target=\"_blank\" rel=\" noreferrer noopener\"><img loading=\"lazy\" decoding=\"async\" width=\"898\" height=\"555\" src=\"https:\/\/ostau-occitan.org\/wp-content\/uploads\/2026\/04\/OCCITANIE_A4_IEO_1605_HD_mod2.jpg\" alt=\"carteOC\" class=\"wp-image-13023\" srcset=\"https:\/\/ostau-occitan.org\/wp-content\/uploads\/2026\/04\/OCCITANIE_A4_IEO_1605_HD_mod2.jpg 898w, https:\/\/ostau-occitan.org\/wp-content\/uploads\/2026\/04\/OCCITANIE_A4_IEO_1605_HD_mod2-300x185.jpg 300w, https:\/\/ostau-occitan.org\/wp-content\/uploads\/2026\/04\/OCCITANIE_A4_IEO_1605_HD_mod2-768x475.jpg 768w\" sizes=\"auto, (max-width: 898px) 100vw, 898px\" \/><\/a><\/figure>\n\n\n\n<div style=\"height:50px\" aria-hidden=\"true\" class=\"wp-block-spacer\"><\/div>\n\n\n\n<p class=\"has-medium-font-size\"><strong>L&#8217;occitan<\/strong> est une langue de la famille n\u00e9olatine, comme le fran\u00e7ais, l&#8217;italien, l&#8217;espagnol, le portugais, le catalan, le roumain et quelques autres.<\/p>\n\n\n\n<p class=\"has-medium-font-size\">Comme toutes les langues romanes, l&#8217;occitan est le r\u00e9sultat d&#8217;un m\u00e9lange. Il est n\u00e9 de la rencontre du latin vulgaire avec des langues parl\u00e9es sur les territoires conquis par les Romains. Dans le cas pr\u00e9sent, il s&#8217;agit notamment du gaulois et de l&#8217;aquitain. \u00c0 l&#8217;\u00e9poque des grandes invasions, l&#8217;occitan est \u00e9galement influenc\u00e9 par les langues germaniques des derniers arrivants, mais pas autant que le fran\u00e7ais.<\/p>\n\n\n\n<p class=\"has-medium-font-size\">De si\u00e8cle en si\u00e8cle, l&#8217;occitan a re\u00e7u bien des noms, souvent emprunt\u00e9s \u00e0 un de ses dialectes : proven\u00e7al, limousin, languedocien\u2026 On l&#8217;appelle aussi &#8220;langue d&#8217;oc&#8221; depuis la fin du XIIIe si\u00e8cle. Ce nom lui a \u00e9t\u00e9 donn\u00e9 par Dante Alighieri qui aurait distingu\u00e9 les po\u00e9sies lyriques occitane, fran\u00e7aise et italienne d&#8217;apr\u00e8s le mot signifiant &#8220;oui&#8221; dans les langues correspondantes : langue d&#8217;oc pour l&#8217;occitan, langue d&#8217;o\u00efl pour le fran\u00e7ais, langue de si pour l&#8217;italien.<\/p>\n\n\n\n<p class=\"has-medium-font-size\">Les fronti\u00e8res des territoires occitanophones ont chang\u00e9 avec le temps. \u00c0 l&#8217;heure actuelle, l&#8217;occitan est parl\u00e9 dans trente-deux d\u00e9partements du sud de la France, dans le val d&#8217;Aran o\u00f9 il est langue co-officielle avec le catalan et le castillan, ainsi que dans douze vall\u00e9es alpines d&#8217;Italie. Ce territoire est divis\u00e9 en trois groupes de dialectes qui n&#8217;emp\u00eachent pas les locuteurs de se comprendre : le gascon, l&#8217;occitan central (languedocien, proven\u00e7al), le nord-occitan (limousin, auvergnat, vivaro-alpin). Certains linguistes rattachent le catalan \u00e0 l&#8217;occitan.<\/p>\n\n\n\n<p class=\"has-medium-font-size\">Le nombre de locuteurs de l&#8217;occitan, sujet tr\u00e8s politique, est incertain. Il change avec la d\u00e9finition du terme &#8220;locuteur&#8221;. En tout \u00e9tat de cause, l&#8217;occitan est \u00e0 ce jour la langue r\u00e9gionale de France la plus r\u00e9pandue.<\/p>\n","protected":false},"excerpt":{"rendered":"<p>L&#8217;occitan, qu&#8217;es aqu\u00f2 ? L&#8217;occitan qu&#8217;ei ua lenga de la familha neolatina, com lo franc\u00e9s, l&#8217;espanh\u00f2u, l&#8217;italian, lo portugu\u00e9s, lo catalan, lo roman\u00e9s e quauquas autas. Com totas las lengas romanicas, l&#8217;occitan qu&#8217;ei la resulta d&#8217;un mescladis. Qu&#8217;ei vadut de l&#8217;encontra deu latin comun dab lengas parladas sus los territ\u00f2ris conquesits per los Romans. En [&hellip;]<\/p>\n","protected":false},"author":4,"featured_media":0,"parent":0,"menu_order":0,"comment_status":"closed","ping_status":"closed","template":"","meta":{"_uag_custom_page_level_css":"","site-sidebar-layout":"right-sidebar","site-content-layout":"","ast-site-content-layout":"full-width-container","site-content-style":"boxed","site-sidebar-style":"boxed","ast-global-header-display":"disabled","ast-banner-title-visibility":"","ast-main-header-display":"","ast-hfb-above-header-display":"","ast-hfb-below-header-display":"","ast-hfb-mobile-header-display":"","site-post-title":"disabled","ast-breadcrumbs-content":"","ast-featured-img":"","footer-sml-layout":"","ast-disable-related-posts":"","theme-transparent-header-meta":"","adv-header-id-meta":"","stick-header-meta":"","header-above-stick-meta":"","header-main-stick-meta":"","header-below-stick-meta":"","astra-migrate-meta-layouts":"set","ast-page-background-enabled":"default","ast-page-background-meta":{"desktop":{"background-color":"var(--ast-global-color-4)","background-image":"","background-repeat":"repeat","background-position":"center center","background-size":"auto","background-attachment":"scroll","background-type":"","background-media":"","overlay-type":"","overlay-color":"","overlay-opacity":"","overlay-gradient":""},"tablet":{"background-color":"","background-image":"","background-repeat":"repeat","background-position":"center center","background-size":"auto","background-attachment":"scroll","background-type":"","background-media":"","overlay-type":"","overlay-color":"","overlay-opacity":"","overlay-gradient":""},"mobile":{"background-color":"","background-image":"","background-repeat":"repeat","background-position":"center center","background-size":"auto","background-attachment":"scroll","background-type":"","background-media":"","overlay-type":"","overlay-color":"","overlay-opacity":"","overlay-gradient":""}},"ast-content-background-meta":{"desktop":{"background-color":"var(--ast-global-color-5)","background-image":"","background-repeat":"repeat","background-position":"center center","background-size":"auto","background-attachment":"scroll","background-type":"","background-media":"","overlay-type":"","overlay-color":"","overlay-opacity":"","overlay-gradient":""},"tablet":{"background-color":"var(--ast-global-color-5)","background-image":"","background-repeat":"repeat","background-position":"center center","background-size":"auto","background-attachment":"scroll","background-type":"","background-media":"","overlay-type":"","overlay-color":"","overlay-opacity":"","overlay-gradient":""},"mobile":{"background-color":"var(--ast-global-color-5)","background-image":"","background-repeat":"repeat","background-position":"center center","background-size":"auto","background-attachment":"scroll","background-type":"","background-media":"","overlay-type":"","overlay-color":"","overlay-opacity":"","overlay-gradient":""}},"footnotes":""},"class_list":["post-12111","page","type-page","status-publish","hentry"],"translation":{"provider":"WPGlobus","version":"3.0.2","language":"oc","enabled_languages":["fr","oc"],"languages":{"fr":{"title":true,"content":true,"excerpt":false},"oc":{"title":false,"content":false,"excerpt":false}}},"uagb_featured_image_src":{"full":false,"thumbnail":false,"medium":false,"medium_large":false,"large":false,"1536x1536":false,"2048x2048":false},"uagb_author_info":{"display_name":"Ostau Occitan","author_link":"https:\/\/ostau-occitan.org\/oc\/author\/ostau\/"},"uagb_comment_info":0,"uagb_excerpt":"L&#8217;occitan, qu&#8217;es aqu\u00f2 ? L&#8217;occitan qu&#8217;ei ua lenga de la familha neolatina, com lo franc\u00e9s, l&#8217;espanh\u00f2u, l&#8217;italian, lo portugu\u00e9s, lo catalan, lo roman\u00e9s e quauquas autas. Com totas las lengas romanicas, l&#8217;occitan qu&#8217;ei la resulta d&#8217;un mescladis. Qu&#8217;ei vadut de l&#8217;encontra deu latin comun dab lengas parladas sus los territ\u00f2ris conquesits per los Romans. En&hellip;","_links":{"self":[{"href":"https:\/\/ostau-occitan.org\/oc\/wp-json\/wp\/v2\/pages\/12111","targetHints":{"allow":["GET"]}}],"collection":[{"href":"https:\/\/ostau-occitan.org\/oc\/wp-json\/wp\/v2\/pages"}],"about":[{"href":"https:\/\/ostau-occitan.org\/oc\/wp-json\/wp\/v2\/types\/page"}],"author":[{"embeddable":true,"href":"https:\/\/ostau-occitan.org\/oc\/wp-json\/wp\/v2\/users\/4"}],"replies":[{"embeddable":true,"href":"https:\/\/ostau-occitan.org\/oc\/wp-json\/wp\/v2\/comments?post=12111"}],"version-history":[{"count":13,"href":"https:\/\/ostau-occitan.org\/oc\/wp-json\/wp\/v2\/pages\/12111\/revisions"}],"predecessor-version":[{"id":13037,"href":"https:\/\/ostau-occitan.org\/oc\/wp-json\/wp\/v2\/pages\/12111\/revisions\/13037"}],"wp:attachment":[{"href":"https:\/\/ostau-occitan.org\/oc\/wp-json\/wp\/v2\/media?parent=12111"}],"curies":[{"name":"wp","href":"https:\/\/api.w.org\/{rel}","templated":true}]}}