{"id":12118,"date":"2026-02-12T04:49:28","date_gmt":"2026-02-12T03:49:28","guid":{"rendered":"https:\/\/ostau-occitan.org\/?page_id=12118"},"modified":"2026-04-22T18:10:07","modified_gmt":"2026-04-22T16:10:07","slug":"linstitut-destudis-occitansques-aquo","status":"publish","type":"page","link":"https:\/\/ostau-occitan.org\/oc\/linstitut-destudis-occitansques-aquo\/","title":{"rendered":"L&#8217;Institut d&#8217;Estudis Occitans,qu&#8217;es aqu\u00f2 ?"},"content":{"rendered":"\n<div class=\"wp-block-cover is-light has-custom-content-position is-position-bottom-center\"><img loading=\"lazy\" decoding=\"async\" width=\"1024\" height=\"512\" class=\"wp-block-cover__image-background wp-image-12100 size-large\" alt=\"Banniere L'Ostau Occitan\" src=\"https:\/\/ostau-occitan.org\/wp-content\/uploads\/2026\/02\/header-accueil-sans-texte-1024x512.png\" style=\"object-position:50% 80%\" data-object-fit=\"cover\" data-object-position=\"50% 80%\" srcset=\"https:\/\/ostau-occitan.org\/wp-content\/uploads\/2026\/02\/header-accueil-sans-texte-1024x512.png 1024w, https:\/\/ostau-occitan.org\/wp-content\/uploads\/2026\/02\/header-accueil-sans-texte-300x150.png 300w, https:\/\/ostau-occitan.org\/wp-content\/uploads\/2026\/02\/header-accueil-sans-texte-768x384.png 768w, https:\/\/ostau-occitan.org\/wp-content\/uploads\/2026\/02\/header-accueil-sans-texte-1536x768.png 1536w, https:\/\/ostau-occitan.org\/wp-content\/uploads\/2026\/02\/header-accueil-sans-texte.png 1600w\" sizes=\"auto, (max-width: 1024px) 100vw, 1024px\" \/><span aria-hidden=\"true\" class=\"wp-block-cover__background has-background-dim-0 has-background-dim\"><\/span><div class=\"wp-block-cover__inner-container is-layout-flow wp-block-cover-is-layout-flow\">\n<div style=\"height:214px\" aria-hidden=\"true\" class=\"wp-block-spacer\"><\/div>\n\n\n\n<h1 class=\"wp-block-heading has-text-align-center has-ast-global-color-5-color has-text-color has-link-color wp-elements-49c686b05e5ec927007a8fad8a464773\" style=\"line-height:0.5\"><br><br><strong>L&#8217;OSTAU OCCITAN<\/strong><\/h1>\n\n\n\n<h3 class=\"wp-block-heading has-text-align-center has-ast-global-color-5-color has-text-color has-link-color wp-elements-c45ec6b4398cf3300ba8788784ffecf0\" style=\"border-style:none;border-width:0px;border-top-left-radius:0px;border-top-right-radius:0px;border-bottom-left-radius:0px;border-bottom-right-radius:0px;font-size:25px\">SECCION DE L&#8217;INSTITUT D&#8217;ESTUDIS OCCITANS<br>PER LO DEPARTAMENT DE GIRONDA<\/h3>\n<\/div><\/div>\n\n\n\n<div style=\"height:50px\" aria-hidden=\"true\" class=\"wp-block-spacer\"><\/div>\n\n\n\n<h2 class=\"wp-block-heading has-text-align-center\">L&#8217;Institut d&#8217;Estudis Occitans,<br>qu&#8217;es aqu\u00f2 ?<\/h2>\n\n\n\n<p class=\"has-medium-font-size\"><strong>L&#8217;IEO, Institut d&#8217;Estudis Occitans<\/strong>, est\u00f3 fondat en 1945 per un grop d&#8217;occitanistas, deus quaus F\u00e8lix Castan e Max Roqueta.<\/p>\n\n\n\n<p class=\"has-medium-font-size\">Qu&#8217;ei ua associacion d\u2019estatuts lei de 1901, reconeishuda d&#8217;utilitat publica e aprovada &#8220;joenessa e educacion populara&#8221;. Son sieti es a Tolosa. L\u2019IEO federa seccions regionaus e departamentaus per tot lo par\u00e7an occitanof\u00f2ne. Lo president actuau qu&#8217;ei l&#8217;Ariej\u00e9s Patrici Pojada.<\/p>\n\n\n\n<p class=\"has-medium-font-size\">La devisa de l&#8217;IEO definis lo sens de son accion : &#8220;La fe sens \u00f2bra, m\u00f2rta es&#8221;. La mira purm\u00e8ra de l&#8217;IEO qu&#8217;ei la valorizacion, la promocion e la socializacion de la lenga e de las culturas occitanas. Qu&#8217;\u00f2bra tanben a la normalizacion de la lenga, en resp\u00e8ctar la diversitat dialectala.<\/p>\n\n\n\n<p class=\"has-medium-font-size\">T\u00e0 con\u00e9isher las activitats de l&#8217;IEO, <a href=\"https:\/\/ieo-oc.org\/\" target=\"_blank\" rel=\"noreferrer noopener\">clicatz ac\u00ed<\/a> <\/p>\n\n\n\n<div class=\"wp-block-uagb-image aligncenter uagb-block-5c8aef58 wp-block-uagb-image--layout-default wp-block-uagb-image--effect-static wp-block-uagb-image--align-center\"><figure class=\"wp-block-uagb-image__figure\"><img decoding=\"async\" srcset=\"https:\/\/ostau-occitan.org\/wp-content\/uploads\/2026\/04\/Publicacion_IEO-1024x594.jpg ,https:\/\/ostau-occitan.org\/wp-content\/uploads\/2026\/04\/Publicacion_IEO.jpg 780w, https:\/\/ostau-occitan.org\/wp-content\/uploads\/2026\/04\/Publicacion_IEO.jpg 360w\" sizes=\"auto, (max-width: 480px) 150px\" src=\"https:\/\/ostau-occitan.org\/wp-content\/uploads\/2026\/04\/Publicacion_IEO-1024x594.jpg\" alt=\"\" class=\"uag-image-13033\" width=\"1024\" height=\"594\" title=\"Publicacion_IEO\" loading=\"lazy\" role=\"img\"\/><\/figure><\/div>\n\n\n\n<div style=\"height:50px\" aria-hidden=\"true\" class=\"wp-block-spacer\"><\/div>\n\n\n\n<p class=\"has-medium-font-size\"><strong>L&#8217;IEO, Institut d&#8217;\u00c9tudes Occitanes<\/strong>, a \u00e9t\u00e9 fond\u00e9 en 1945 par un groupe d&#8217;occitanistes, dont F\u00e9lix Castan et Max Rouquette.<\/p>\n\n\n\n<p class=\"has-medium-font-size\">C&#8217;est une association de statuts loi de 1901, reconnue d&#8217;utilit\u00e9 publique et agr\u00e9\u00e9e &#8220;jeunesse et \u00e9ducation populaire&#8221;. Son si\u00e8ge est \u00e0 Toulouse, elle f\u00e9d\u00e8re des sections r\u00e9gionales et d\u00e9partementales couvrant toute la zone occitanophone. Le pr\u00e9sident actuel de l&#8217;IEO est l&#8217;Ari\u00e9geois Patrice Poujade.<\/p>\n\n\n\n<p class=\"has-medium-font-size\">La devise de l&#8217;IEO r\u00e9sume le sens de son action : &#8220;La fe sens \u00f2bra, m\u00f2rta es&#8221;, qui signifie que la ferveur sans action n&#8217;a pas d&#8217;avenir (est morte). Le but premier de l&#8217;IEO est la valorisation, la promotion et la socialisation des langue et cultures occitanes. Elle \u0153uvre aussi \u00e0 la normalisation de la langue, dans le respect de ses vari\u00e9t\u00e9s.<\/p>\n\n\n\n<p class=\"has-medium-font-size\">Pour conna\u00eetre les activit\u00e9s de l&#8217;IEO, <a href=\"https:\/\/ieo-oc.org\/\" target=\"_blank\" rel=\"noreferrer noopener\">cliquez ici<\/a><\/p>\n","protected":false},"excerpt":{"rendered":"<p>L&#8217;Institut d&#8217;Estudis Occitans,qu&#8217;es aqu\u00f2 ? L&#8217;IEO, Institut d&#8217;Estudis Occitans, est\u00f3 fondat en 1945 per un grop d&#8217;occitanistas, deus quaus F\u00e8lix Castan e Max Roqueta. Qu&#8217;ei ua associacion d\u2019estatuts lei de 1901, reconeishuda d&#8217;utilitat publica e aprovada &#8220;joenessa e educacion populara&#8221;. Son sieti es a Tolosa. L\u2019IEO federa seccions regionaus e departamentaus per tot lo par\u00e7an [&hellip;]<\/p>\n","protected":false},"author":4,"featured_media":0,"parent":0,"menu_order":0,"comment_status":"closed","ping_status":"closed","template":"","meta":{"_uag_custom_page_level_css":"","site-sidebar-layout":"default","site-content-layout":"","ast-site-content-layout":"default","site-content-style":"default","site-sidebar-style":"default","ast-global-header-display":"disabled","ast-banner-title-visibility":"","ast-main-header-display":"","ast-hfb-above-header-display":"","ast-hfb-below-header-display":"","ast-hfb-mobile-header-display":"","site-post-title":"disabled","ast-breadcrumbs-content":"","ast-featured-img":"","footer-sml-layout":"","ast-disable-related-posts":"","theme-transparent-header-meta":"","adv-header-id-meta":"","stick-header-meta":"","header-above-stick-meta":"","header-main-stick-meta":"","header-below-stick-meta":"","astra-migrate-meta-layouts":"set","ast-page-background-enabled":"default","ast-page-background-meta":{"desktop":{"background-color":"var(--ast-global-color-4)","background-image":"","background-repeat":"repeat","background-position":"center center","background-size":"auto","background-attachment":"scroll","background-type":"","background-media":"","overlay-type":"","overlay-color":"","overlay-opacity":"","overlay-gradient":""},"tablet":{"background-color":"","background-image":"","background-repeat":"repeat","background-position":"center center","background-size":"auto","background-attachment":"scroll","background-type":"","background-media":"","overlay-type":"","overlay-color":"","overlay-opacity":"","overlay-gradient":""},"mobile":{"background-color":"","background-image":"","background-repeat":"repeat","background-position":"center center","background-size":"auto","background-attachment":"scroll","background-type":"","background-media":"","overlay-type":"","overlay-color":"","overlay-opacity":"","overlay-gradient":""}},"ast-content-background-meta":{"desktop":{"background-color":"var(--ast-global-color-5)","background-image":"","background-repeat":"repeat","background-position":"center center","background-size":"auto","background-attachment":"scroll","background-type":"","background-media":"","overlay-type":"","overlay-color":"","overlay-opacity":"","overlay-gradient":""},"tablet":{"background-color":"var(--ast-global-color-5)","background-image":"","background-repeat":"repeat","background-position":"center center","background-size":"auto","background-attachment":"scroll","background-type":"","background-media":"","overlay-type":"","overlay-color":"","overlay-opacity":"","overlay-gradient":""},"mobile":{"background-color":"var(--ast-global-color-5)","background-image":"","background-repeat":"repeat","background-position":"center center","background-size":"auto","background-attachment":"scroll","background-type":"","background-media":"","overlay-type":"","overlay-color":"","overlay-opacity":"","overlay-gradient":""}},"footnotes":""},"class_list":["post-12118","page","type-page","status-publish","hentry"],"translation":{"provider":"WPGlobus","version":"3.0.2","language":"oc","enabled_languages":["fr","oc"],"languages":{"fr":{"title":true,"content":true,"excerpt":false},"oc":{"title":false,"content":false,"excerpt":false}}},"uagb_featured_image_src":{"full":false,"thumbnail":false,"medium":false,"medium_large":false,"large":false,"1536x1536":false,"2048x2048":false},"uagb_author_info":{"display_name":"Ostau Occitan","author_link":"https:\/\/ostau-occitan.org\/oc\/author\/ostau\/"},"uagb_comment_info":0,"uagb_excerpt":"L&#8217;Institut d&#8217;Estudis Occitans,qu&#8217;es aqu\u00f2 ? L&#8217;IEO, Institut d&#8217;Estudis Occitans, est\u00f3 fondat en 1945 per un grop d&#8217;occitanistas, deus quaus F\u00e8lix Castan e Max Roqueta. Qu&#8217;ei ua associacion d\u2019estatuts lei de 1901, reconeishuda d&#8217;utilitat publica e aprovada &#8220;joenessa e educacion populara&#8221;. Son sieti es a Tolosa. L\u2019IEO federa seccions regionaus e departamentaus per tot lo par\u00e7an&hellip;","_links":{"self":[{"href":"https:\/\/ostau-occitan.org\/oc\/wp-json\/wp\/v2\/pages\/12118","targetHints":{"allow":["GET"]}}],"collection":[{"href":"https:\/\/ostau-occitan.org\/oc\/wp-json\/wp\/v2\/pages"}],"about":[{"href":"https:\/\/ostau-occitan.org\/oc\/wp-json\/wp\/v2\/types\/page"}],"author":[{"embeddable":true,"href":"https:\/\/ostau-occitan.org\/oc\/wp-json\/wp\/v2\/users\/4"}],"replies":[{"embeddable":true,"href":"https:\/\/ostau-occitan.org\/oc\/wp-json\/wp\/v2\/comments?post=12118"}],"version-history":[{"count":7,"href":"https:\/\/ostau-occitan.org\/oc\/wp-json\/wp\/v2\/pages\/12118\/revisions"}],"predecessor-version":[{"id":13034,"href":"https:\/\/ostau-occitan.org\/oc\/wp-json\/wp\/v2\/pages\/12118\/revisions\/13034"}],"wp:attachment":[{"href":"https:\/\/ostau-occitan.org\/oc\/wp-json\/wp\/v2\/media?parent=12118"}],"curies":[{"name":"wp","href":"https:\/\/api.w.org\/{rel}","templated":true}]}}