{"id":12237,"date":"2026-02-13T07:48:12","date_gmt":"2026-02-13T06:48:12","guid":{"rendered":"https:\/\/ostau-occitan.org\/?page_id=12237"},"modified":"2026-02-13T07:48:13","modified_gmt":"2026-02-13T06:48:13","slug":"heitas","status":"publish","type":"page","link":"https:\/\/ostau-occitan.org\/oc\/heitas\/","title":{"rendered":"H\u00c8ITAS"},"content":{"rendered":"\n<p>\u00c9v\u00e9nements de L&#8217;Ostau Occitan, des associations amies et autres<\/p>\n\n\n\n\t\t\t<div class=\"wp-block-uagb-post-grid uagb-post-grid  uagb-post__image-position-top uagb-post__image-enabled uagb-block-4015baca     uagb-post__items uagb-post__columns-3 is-grid uagb-post__columns-tablet-2 uagb-post__columns-mobile-1 uagb-post__equal-height\" data-total=\"1\" style=\"\">\n\n\t\t\t\t\t\t\t\t\t\t\t\t<article class=\"uagb-post__inner-wrap\">\t\t\t\t\t\t\t\t<div class='uagb-post__image'>\n\t\t\t\t\t\t\t\t\t<a href=\"https:\/\/ostau-occitan.org\/oc\/desseirada-marcela-delapastre-a-vasats\/\" target=\"_self\" rel=\"bookmark noopener noreferrer\" class='uagb-image-ratio-inherit'><img loading=\"lazy\" decoding=\"async\" width=\"1024\" height=\"326\" src=\"https:\/\/ostau-occitan.org\/wp-content\/uploads\/2026\/03\/DelpastrePortrait-1024x326.png\" class=\"attachment-large size-large\" alt=\"\" srcset=\"https:\/\/ostau-occitan.org\/wp-content\/uploads\/2026\/03\/DelpastrePortrait-1024x326.png 1024w, https:\/\/ostau-occitan.org\/wp-content\/uploads\/2026\/03\/DelpastrePortrait-300x96.png 300w, https:\/\/ostau-occitan.org\/wp-content\/uploads\/2026\/03\/DelpastrePortrait-768x245.png 768w, https:\/\/ostau-occitan.org\/wp-content\/uploads\/2026\/03\/DelpastrePortrait.png 1403w\" sizes=\"auto, (max-width: 1024px) 100vw, 1024px\" \/>\t\t\t\t\t<\/a>\n\t\t\t\t\t\t\t<\/div>\n\t\t\t\t\t\t<h4 class=\"uagb-post__title uagb-post__text\">\n\t\t\t\t<a href=\"https:\/\/ostau-occitan.org\/oc\/desseirada-marcela-delapastre-a-vasats\/\" target=\"_self\" rel=\"bookmark noopener noreferrer\">Desseirada Marcela Delapastre a Vasats<\/a>\n\t\t\t<\/h4>\n\t\t\t\t\t\t<div class='uagb-post__text uagb-post-grid-byline'>\n\t\t\t\t\t\t\t\t<time datetime=\"2026-03-11T23:40:59+01:00\" class=\"uagb-post__date\">\n\t\t\t\t<span class=\"dashicons-calendar dashicons\"><\/span>\t\t\t\t\t11\/03\/2026\t\t\t\t<\/time>\n\t\t\t\t\t\t\t<span class=\"uagb-post__comment\">\n\t\t\t\t<span class=\"dashicons-admin-comments dashicons\"><\/span>\t\t\t\t\tNo Comments\t\t\t\t<\/span>\n\t\t\t\t\t\t<\/div>\n\t\t\t\t\t\t\t<div class='uagb-post__text uagb-post__excerpt'>\n\t\t\t\t\t<p>DESSEIRADA MARCELA DELPASTRE dens l&#8217;encastre deu Printemps des Po\u00e8tese deu centenari de la vaduda de&#8230;\t\t\t\t<\/div>\n\t\t\t\t\t\t<div class=\"uagb-post__text uagb-post__cta wp-block-button\">\n\t\t\t\t<a class=\"wp-block-button__link uagb-text-link\" style=\"\" href=\"https:\/\/ostau-occitan.org\/oc\/desseirada-marcela-delapastre-a-vasats\/\" target=\"_self\" rel=\"bookmark noopener noreferrer\">Read More<\/a>\n\t\t\t<\/div>\n\t\t\t\n\t\t\t\t\t\t\t\t\t<\/article>\n\t\t\t\t\t\t\t\t\t\t\t\t\t\t\t\t<article class=\"uagb-post__inner-wrap\">\t\t\t\t\t\t\t\t<div class='uagb-post__image'>\n\t\t\t\t\t\t\t\t\t<a href=\"https:\/\/ostau-occitan.org\/oc\/prima-occitana-2026\/\" target=\"_self\" rel=\"bookmark noopener noreferrer\" class='uagb-image-ratio-inherit'><img loading=\"lazy\" decoding=\"async\" width=\"657\" height=\"917\" src=\"https:\/\/ostau-occitan.org\/wp-content\/uploads\/2026\/03\/Primaoccitana2026.png\" class=\"attachment-large size-large\" alt=\"\" srcset=\"https:\/\/ostau-occitan.org\/wp-content\/uploads\/2026\/03\/Primaoccitana2026.png 657w, https:\/\/ostau-occitan.org\/wp-content\/uploads\/2026\/03\/Primaoccitana2026-215x300.png 215w\" sizes=\"auto, (max-width: 657px) 100vw, 657px\" \/>\t\t\t\t\t<\/a>\n\t\t\t\t\t\t\t<\/div>\n\t\t\t\t\t\t<h4 class=\"uagb-post__title uagb-post__text\">\n\t\t\t\t<a href=\"https:\/\/ostau-occitan.org\/oc\/prima-occitana-2026\/\" target=\"_self\" rel=\"bookmark noopener noreferrer\">Prima Occitana 2026<\/a>\n\t\t\t<\/h4>\n\t\t\t\t\t\t<div class='uagb-post__text uagb-post-grid-byline'>\n\t\t\t\t\t\t\t\t<time datetime=\"2026-03-06T07:02:32+01:00\" class=\"uagb-post__date\">\n\t\t\t\t<span class=\"dashicons-calendar dashicons\"><\/span>\t\t\t\t\t06\/03\/2026\t\t\t\t<\/time>\n\t\t\t\t\t\t\t<span class=\"uagb-post__comment\">\n\t\t\t\t<span class=\"dashicons-admin-comments dashicons\"><\/span>\t\t\t\t\tNo Comments\t\t\t\t<\/span>\n\t\t\t\t\t\t<\/div>\n\t\t\t\t\t\t\t<div class='uagb-post__text uagb-post__excerpt'>\n\t\t\t\t\t<p>PRIMA OCCITANA 2026 Hestenau de lenga e de cultura occitanas Les 13 et 14 mars&#8230;\t\t\t\t<\/div>\n\t\t\t\t\t\t<div class=\"uagb-post__text uagb-post__cta wp-block-button\">\n\t\t\t\t<a class=\"wp-block-button__link uagb-text-link\" style=\"\" href=\"https:\/\/ostau-occitan.org\/oc\/prima-occitana-2026\/\" target=\"_self\" rel=\"bookmark noopener noreferrer\">Read More<\/a>\n\t\t\t<\/div>\n\t\t\t\n\t\t\t\t\t\t\t\t\t<\/article>\n\t\t\t\t\t\t\t\t\t\t\t\t\t\t\t\t<article class=\"uagb-post__inner-wrap\">\t\t\t\t\t\t\t\t<div class='uagb-post__image'>\n\t\t\t\t\t\t\t\t\t<a href=\"https:\/\/ostau-occitan.org\/oc\/jornada-occitana-2026\/\" target=\"_self\" rel=\"bookmark noopener noreferrer\" class='uagb-image-ratio-inherit'><img loading=\"lazy\" decoding=\"async\" width=\"1024\" height=\"768\" src=\"https:\/\/ostau-occitan.org\/wp-content\/uploads\/2026\/02\/Garburada-Jornada-Occitana-2-1024x768.jpeg\" class=\"attachment-large size-large\" alt=\"\" srcset=\"https:\/\/ostau-occitan.org\/wp-content\/uploads\/2026\/02\/Garburada-Jornada-Occitana-2-1024x768.jpeg 1024w, https:\/\/ostau-occitan.org\/wp-content\/uploads\/2026\/02\/Garburada-Jornada-Occitana-2-300x225.jpeg 300w, https:\/\/ostau-occitan.org\/wp-content\/uploads\/2026\/02\/Garburada-Jornada-Occitana-2-768x576.jpeg 768w, https:\/\/ostau-occitan.org\/wp-content\/uploads\/2026\/02\/Garburada-Jornada-Occitana-2-1536x1152.jpeg 1536w, https:\/\/ostau-occitan.org\/wp-content\/uploads\/2026\/02\/Garburada-Jornada-Occitana-2-2048x1536.jpeg 2048w\" sizes=\"auto, (max-width: 1024px) 100vw, 1024px\" \/>\t\t\t\t\t<\/a>\n\t\t\t\t\t\t\t<\/div>\n\t\t\t\t\t\t<h4 class=\"uagb-post__title uagb-post__text\">\n\t\t\t\t<a href=\"https:\/\/ostau-occitan.org\/oc\/jornada-occitana-2026\/\" target=\"_self\" rel=\"bookmark noopener noreferrer\">Jornada occitana 2026<\/a>\n\t\t\t<\/h4>\n\t\t\t\t\t\t<div class='uagb-post__text uagb-post-grid-byline'>\n\t\t\t\t\t\t\t\t<time datetime=\"2026-02-26T18:42:05+01:00\" class=\"uagb-post__date\">\n\t\t\t\t<span class=\"dashicons-calendar dashicons\"><\/span>\t\t\t\t\t26\/02\/2026\t\t\t\t<\/time>\n\t\t\t\t\t\t\t<span class=\"uagb-post__comment\">\n\t\t\t\t<span class=\"dashicons-admin-comments dashicons\"><\/span>\t\t\t\t\tNo Comments\t\t\t\t<\/span>\n\t\t\t\t\t\t<\/div>\n\t\t\t\t\t\t\t<div class='uagb-post__text uagb-post__excerpt'>\n\t\t\t\t\t<p>Jornada occitana1\u00e8r de heur\u00e8r 2026 1\u00e8r de heur\u00e8r 2026<\/p>\n\t\t\t\t<\/div>\n\t\t\t\t\t\t<div class=\"uagb-post__text uagb-post__cta wp-block-button\">\n\t\t\t\t<a class=\"wp-block-button__link uagb-text-link\" style=\"\" href=\"https:\/\/ostau-occitan.org\/oc\/jornada-occitana-2026\/\" target=\"_self\" rel=\"bookmark noopener noreferrer\">Read More<\/a>\n\t\t\t<\/div>\n\t\t\t\n\t\t\t\t\t\t\t\t\t<\/article>\n\t\t\t\t\t\t\t\t\t\t\t\t\t\t\t\t<article class=\"uagb-post__inner-wrap\">\t\t\t\t\t\t\t\t<div class='uagb-post__image'>\n\t\t\t\t\t\t\t\t\t<a href=\"https:\/\/ostau-occitan.org\/oc\/lostau-occitan-au-colegi-de-castelnau-dau-medoc\/\" target=\"_self\" rel=\"bookmark noopener noreferrer\" class='uagb-image-ratio-inherit'><img loading=\"lazy\" decoding=\"async\" width=\"1024\" height=\"768\" src=\"https:\/\/ostau-occitan.org\/wp-content\/uploads\/2026\/02\/Canterana3-1024x768.jpeg\" class=\"attachment-large size-large\" alt=\"\" srcset=\"https:\/\/ostau-occitan.org\/wp-content\/uploads\/2026\/02\/Canterana3-1024x768.jpeg 1024w, https:\/\/ostau-occitan.org\/wp-content\/uploads\/2026\/02\/Canterana3-300x225.jpeg 300w, https:\/\/ostau-occitan.org\/wp-content\/uploads\/2026\/02\/Canterana3-768x576.jpeg 768w, https:\/\/ostau-occitan.org\/wp-content\/uploads\/2026\/02\/Canterana3-1536x1152.jpeg 1536w, https:\/\/ostau-occitan.org\/wp-content\/uploads\/2026\/02\/Canterana3.jpeg 2016w\" sizes=\"auto, (max-width: 1024px) 100vw, 1024px\" \/>\t\t\t\t\t<\/a>\n\t\t\t\t\t\t\t<\/div>\n\t\t\t\t\t\t<h4 class=\"uagb-post__title uagb-post__text\">\n\t\t\t\t<a href=\"https:\/\/ostau-occitan.org\/oc\/lostau-occitan-au-colegi-de-castelnau-dau-medoc\/\" target=\"_self\" rel=\"bookmark noopener noreferrer\">L&#8217;Ostau Occitan au col\u00e8gi de Cast\u00e8lnau dau Med\u00f2c<\/a>\n\t\t\t<\/h4>\n\t\t\t\t\t\t<div class='uagb-post__text uagb-post-grid-byline'>\n\t\t\t\t\t\t\t\t<time datetime=\"2026-02-26T18:12:43+01:00\" class=\"uagb-post__date\">\n\t\t\t\t<span class=\"dashicons-calendar dashicons\"><\/span>\t\t\t\t\t26\/02\/2026\t\t\t\t<\/time>\n\t\t\t\t\t\t\t<span class=\"uagb-post__comment\">\n\t\t\t\t<span class=\"dashicons-admin-comments dashicons\"><\/span>\t\t\t\t\tNo Comments\t\t\t\t<\/span>\n\t\t\t\t\t\t<\/div>\n\t\t\t\t\t\t\t<div class='uagb-post__text uagb-post__excerpt'>\n\t\t\t\t\t<p>L&#8217;Ostau Occitanau col\u00e8gi de Cast\u00e8lnau dau Med\u00f2c Lo 6 de heur\u00e8r, dens l&#8217;encastre d&#8217;un escambi&#8230;\t\t\t\t<\/div>\n\t\t\t\t\t\t<div class=\"uagb-post__text uagb-post__cta wp-block-button\">\n\t\t\t\t<a class=\"wp-block-button__link uagb-text-link\" style=\"\" href=\"https:\/\/ostau-occitan.org\/oc\/lostau-occitan-au-colegi-de-castelnau-dau-medoc\/\" target=\"_self\" rel=\"bookmark noopener noreferrer\">Read More<\/a>\n\t\t\t<\/div>\n\t\t\t\n\t\t\t\t\t\t\t\t\t<\/article>\n\t\t\t\t\t\t\t\t\t\t\t\t\t\t\t\t<article class=\"uagb-post__inner-wrap\">\t\t\t\t\t\t\t\t<div class='uagb-post__image'>\n\t\t\t\t\t\t\t\t\t<a href=\"https:\/\/ostau-occitan.org\/oc\/tombola\/\" target=\"_self\" rel=\"bookmark noopener noreferrer\" class='uagb-image-ratio-inherit'><img loading=\"lazy\" decoding=\"async\" width=\"1024\" height=\"682\" src=\"https:\/\/ostau-occitan.org\/wp-content\/uploads\/2026\/02\/gabriela-motta-lottery-7160423_1280-5-1024x682.jpg\" class=\"attachment-large size-large\" alt=\"\" srcset=\"https:\/\/ostau-occitan.org\/wp-content\/uploads\/2026\/02\/gabriela-motta-lottery-7160423_1280-5-1024x682.jpg 1024w, https:\/\/ostau-occitan.org\/wp-content\/uploads\/2026\/02\/gabriela-motta-lottery-7160423_1280-5-300x200.jpg 300w, https:\/\/ostau-occitan.org\/wp-content\/uploads\/2026\/02\/gabriela-motta-lottery-7160423_1280-5-768x512.jpg 768w, https:\/\/ostau-occitan.org\/wp-content\/uploads\/2026\/02\/gabriela-motta-lottery-7160423_1280-5.jpg 1280w\" sizes=\"auto, (max-width: 1024px) 100vw, 1024px\" \/>\t\t\t\t\t<\/a>\n\t\t\t\t\t\t\t<\/div>\n\t\t\t\t\t\t<h4 class=\"uagb-post__title uagb-post__text\">\n\t\t\t\t<a href=\"https:\/\/ostau-occitan.org\/oc\/tombola\/\" target=\"_self\" rel=\"bookmark noopener noreferrer\">Tombola<\/a>\n\t\t\t<\/h4>\n\t\t\t\t\t\t<div class='uagb-post__text uagb-post-grid-byline'>\n\t\t\t\t\t\t\t\t<time datetime=\"2026-02-26T14:18:47+01:00\" class=\"uagb-post__date\">\n\t\t\t\t<span class=\"dashicons-calendar dashicons\"><\/span>\t\t\t\t\t26\/02\/2026\t\t\t\t<\/time>\n\t\t\t\t\t\t\t<span class=\"uagb-post__comment\">\n\t\t\t\t<span class=\"dashicons-admin-comments dashicons\"><\/span>\t\t\t\t\tNo Comments\t\t\t\t<\/span>\n\t\t\t\t\t\t<\/div>\n\t\t\t\t\t\t\t<div class='uagb-post__text uagb-post__excerpt'>\n\t\t\t\t\t<p>TOMBOLA Au profit de la calandreta de la Dauna POURQUOI UNE TOMBOLA ?Chaque ticket achet\u00e9&#8230;\t\t\t\t<\/div>\n\t\t\t\t\t\t<div class=\"uagb-post__text uagb-post__cta wp-block-button\">\n\t\t\t\t<a class=\"wp-block-button__link uagb-text-link\" style=\"\" href=\"https:\/\/ostau-occitan.org\/oc\/tombola\/\" target=\"_self\" rel=\"bookmark noopener noreferrer\">Read More<\/a>\n\t\t\t<\/div>\n\t\t\t\n\t\t\t\t\t\t\t\t\t<\/article>\n\t\t\t\t\t\t\t\t\t\t\t<\/div>\n\t\t\t\n\n\n<p><\/p>\n","protected":false},"excerpt":{"rendered":"<p>\u00c9v\u00e9nements de L&#8217;Ostau Occitan, des associations amies et autres<\/p>\n","protected":false},"author":4,"featured_media":0,"parent":0,"menu_order":0,"comment_status":"closed","ping_status":"closed","template":"","meta":{"_uag_custom_page_level_css":"","site-sidebar-layout":"default","site-content-layout":"","ast-site-content-layout":"default","site-content-style":"default","site-sidebar-style":"default","ast-global-header-display":"","ast-banner-title-visibility":"","ast-main-header-display":"","ast-hfb-above-header-display":"","ast-hfb-below-header-display":"","ast-hfb-mobile-header-display":"","site-post-title":"","ast-breadcrumbs-content":"","ast-featured-img":"","footer-sml-layout":"","ast-disable-related-posts":"","theme-transparent-header-meta":"","adv-header-id-meta":"","stick-header-meta":"","header-above-stick-meta":"","header-main-stick-meta":"","header-below-stick-meta":"","astra-migrate-meta-layouts":"set","ast-page-background-enabled":"default","ast-page-background-meta":{"desktop":{"background-color":"var(--ast-global-color-4)","background-image":"","background-repeat":"repeat","background-position":"center center","background-size":"auto","background-attachment":"scroll","background-type":"","background-media":"","overlay-type":"","overlay-color":"","overlay-opacity":"","overlay-gradient":""},"tablet":{"background-color":"","background-image":"","background-repeat":"repeat","background-position":"center center","background-size":"auto","background-attachment":"scroll","background-type":"","background-media":"","overlay-type":"","overlay-color":"","overlay-opacity":"","overlay-gradient":""},"mobile":{"background-color":"","background-image":"","background-repeat":"repeat","background-position":"center center","background-size":"auto","background-attachment":"scroll","background-type":"","background-media":"","overlay-type":"","overlay-color":"","overlay-opacity":"","overlay-gradient":""}},"ast-content-background-meta":{"desktop":{"background-color":"var(--ast-global-color-5)","background-image":"","background-repeat":"repeat","background-position":"center center","background-size":"auto","background-attachment":"scroll","background-type":"","background-media":"","overlay-type":"","overlay-color":"","overlay-opacity":"","overlay-gradient":""},"tablet":{"background-color":"var(--ast-global-color-5)","background-image":"","background-repeat":"repeat","background-position":"center center","background-size":"auto","background-attachment":"scroll","background-type":"","background-media":"","overlay-type":"","overlay-color":"","overlay-opacity":"","overlay-gradient":""},"mobile":{"background-color":"var(--ast-global-color-5)","background-image":"","background-repeat":"repeat","background-position":"center center","background-size":"auto","background-attachment":"scroll","background-type":"","background-media":"","overlay-type":"","overlay-color":"","overlay-opacity":"","overlay-gradient":""}},"footnotes":""},"class_list":["post-12237","page","type-page","status-publish","hentry"],"translation":{"provider":"WPGlobus","version":"3.0.2","language":"oc","enabled_languages":["fr","oc"],"languages":{"fr":{"title":true,"content":true,"excerpt":false},"oc":{"title":false,"content":false,"excerpt":false}}},"uagb_featured_image_src":{"full":false,"thumbnail":false,"medium":false,"medium_large":false,"large":false,"1536x1536":false,"2048x2048":false},"uagb_author_info":{"display_name":"Ostau Occitan","author_link":"https:\/\/ostau-occitan.org\/oc\/author\/ostau\/"},"uagb_comment_info":0,"uagb_excerpt":"\u00c9v\u00e9nements de L&#8217;Ostau Occitan, des associations amies et autres","_links":{"self":[{"href":"https:\/\/ostau-occitan.org\/oc\/wp-json\/wp\/v2\/pages\/12237","targetHints":{"allow":["GET"]}}],"collection":[{"href":"https:\/\/ostau-occitan.org\/oc\/wp-json\/wp\/v2\/pages"}],"about":[{"href":"https:\/\/ostau-occitan.org\/oc\/wp-json\/wp\/v2\/types\/page"}],"author":[{"embeddable":true,"href":"https:\/\/ostau-occitan.org\/oc\/wp-json\/wp\/v2\/users\/4"}],"replies":[{"embeddable":true,"href":"https:\/\/ostau-occitan.org\/oc\/wp-json\/wp\/v2\/comments?post=12237"}],"version-history":[{"count":1,"href":"https:\/\/ostau-occitan.org\/oc\/wp-json\/wp\/v2\/pages\/12237\/revisions"}],"predecessor-version":[{"id":12238,"href":"https:\/\/ostau-occitan.org\/oc\/wp-json\/wp\/v2\/pages\/12237\/revisions\/12238"}],"wp:attachment":[{"href":"https:\/\/ostau-occitan.org\/oc\/wp-json\/wp\/v2\/media?parent=12237"}],"curies":[{"name":"wp","href":"https:\/\/api.w.org\/{rel}","templated":true}]}}