{"id":12263,"date":"2026-02-13T10:52:20","date_gmt":"2026-02-13T09:52:20","guid":{"rendered":"https:\/\/ostau-occitan.org\/?page_id=12263"},"modified":"2026-03-06T04:54:17","modified_gmt":"2026-03-06T03:54:17","slug":"mentions-legales","status":"publish","type":"page","link":"https:\/\/ostau-occitan.org\/oc\/mentions-legales\/","title":{"rendered":"Mentions l\u00e9gales"},"content":{"rendered":"\n<div style=\"height:100px\" aria-hidden=\"true\" class=\"wp-block-spacer\"><\/div>\n\n\n\n<div class=\"wp-block-uagb-image uagb-block-3882a983 wp-block-uagb-image--layout-default wp-block-uagb-image--effect-static wp-block-uagb-image--align-none\"><figure class=\"wp-block-uagb-image__figure\"><img decoding=\"async\"  sizes=\"auto, (max-width: 480px) 150px\" src=\"https:\/\/ostau-occitan.org\/wp-content\/uploads\/2026\/02\/logorond.png\" alt=\"\" width=\"148\" height=\"148\" title=\"\" loading=\"lazy\" role=\"img\"\/><\/figure><\/div>\n\n\n\n<div style=\"height:100px\" aria-hidden=\"true\" class=\"wp-block-spacer\"><\/div>\n\n\n\n<p>Nom de l&#8217;associacion : <br>L&#8217;Ostau Occitan \u2013 seccion de l\u2019Institut d\u2019Estudis Occitans per lo departament de Gironda<br>associacion lei 1901 federada a l&#8217;Institut d&#8217;Estudis Occitans, coneishut d&#8217;utilitat publica<br><em>association loi de 1901 f\u00e9d\u00e9r\u00e9e \u00e0 l\u2019Institut d\u2019Etudes Occitanes, reconnue d\u2019utilit\u00e9 publique<\/em><br><br>Bur\u00e8u :<br>L\u2019Ostau Occitan<br>apartament n\u00b0110 &#8211; 47, rua Charles Tournemire 33300 Bord\u00e8u<br>B.P. 20022<br>33028 Bord\u00e8u C.E.D.EX.<br><br>SIRET : 489 479 998 00051<br>APE : 8559B<br><\/p>\n\n\n\n<p>\u00d2ste : <br><a href=\"https:\/\/www.infomaniak.com\/fr\">https:\/\/www.infomaniak.com\/fr<\/a><br>Infomaniak Network SA<br>Rue Eug\u00e8ne Marziano 25<br>1227 Les Acacias (GE) &#8211; Suisse<\/p>\n","protected":false},"excerpt":{"rendered":"<p>Nom de l&#8217;associacion : L&#8217;Ostau Occitan \u2013 seccion de l\u2019Institut d\u2019Estudis Occitans per lo departament de Girondaassociacion lei 1901 federada a l&#8217;Institut d&#8217;Estudis Occitans, coneishut d&#8217;utilitat publicaassociation loi de 1901 f\u00e9d\u00e9r\u00e9e \u00e0 l\u2019Institut d\u2019Etudes Occitanes, reconnue d\u2019utilit\u00e9 publique Bur\u00e8u :L\u2019Ostau Occitanapartament n\u00b0110 &#8211; 47, rua Charles Tournemire 33300 Bord\u00e8uB.P. 2002233028 Bord\u00e8u C.E.D.EX. SIRET : 489 [&hellip;]<\/p>\n","protected":false},"author":4,"featured_media":0,"parent":0,"menu_order":0,"comment_status":"closed","ping_status":"closed","template":"","meta":{"_uag_custom_page_level_css":"","site-sidebar-layout":"default","site-content-layout":"","ast-site-content-layout":"default","site-content-style":"default","site-sidebar-style":"default","ast-global-header-display":"","ast-banner-title-visibility":"","ast-main-header-display":"","ast-hfb-above-header-display":"","ast-hfb-below-header-display":"","ast-hfb-mobile-header-display":"","site-post-title":"","ast-breadcrumbs-content":"","ast-featured-img":"","footer-sml-layout":"","ast-disable-related-posts":"","theme-transparent-header-meta":"","adv-header-id-meta":"","stick-header-meta":"","header-above-stick-meta":"","header-main-stick-meta":"","header-below-stick-meta":"","astra-migrate-meta-layouts":"set","ast-page-background-enabled":"default","ast-page-background-meta":{"desktop":{"background-color":"var(--ast-global-color-4)","background-image":"","background-repeat":"repeat","background-position":"center center","background-size":"auto","background-attachment":"scroll","background-type":"","background-media":"","overlay-type":"","overlay-color":"","overlay-opacity":"","overlay-gradient":""},"tablet":{"background-color":"","background-image":"","background-repeat":"repeat","background-position":"center center","background-size":"auto","background-attachment":"scroll","background-type":"","background-media":"","overlay-type":"","overlay-color":"","overlay-opacity":"","overlay-gradient":""},"mobile":{"background-color":"","background-image":"","background-repeat":"repeat","background-position":"center center","background-size":"auto","background-attachment":"scroll","background-type":"","background-media":"","overlay-type":"","overlay-color":"","overlay-opacity":"","overlay-gradient":""}},"ast-content-background-meta":{"desktop":{"background-color":"var(--ast-global-color-5)","background-image":"","background-repeat":"repeat","background-position":"center center","background-size":"auto","background-attachment":"scroll","background-type":"","background-media":"","overlay-type":"","overlay-color":"","overlay-opacity":"","overlay-gradient":""},"tablet":{"background-color":"var(--ast-global-color-5)","background-image":"","background-repeat":"repeat","background-position":"center center","background-size":"auto","background-attachment":"scroll","background-type":"","background-media":"","overlay-type":"","overlay-color":"","overlay-opacity":"","overlay-gradient":""},"mobile":{"background-color":"var(--ast-global-color-5)","background-image":"","background-repeat":"repeat","background-position":"center center","background-size":"auto","background-attachment":"scroll","background-type":"","background-media":"","overlay-type":"","overlay-color":"","overlay-opacity":"","overlay-gradient":""}},"footnotes":""},"class_list":["post-12263","page","type-page","status-publish","hentry"],"translation":{"provider":"WPGlobus","version":"3.0.2","language":"oc","enabled_languages":["fr","oc"],"languages":{"fr":{"title":true,"content":true,"excerpt":false},"oc":{"title":false,"content":false,"excerpt":false}}},"uagb_featured_image_src":{"full":false,"thumbnail":false,"medium":false,"medium_large":false,"large":false,"1536x1536":false,"2048x2048":false},"uagb_author_info":{"display_name":"Ostau Occitan","author_link":"https:\/\/ostau-occitan.org\/oc\/author\/ostau\/"},"uagb_comment_info":0,"uagb_excerpt":"Nom de l&#8217;associacion : L&#8217;Ostau Occitan \u2013 seccion de l\u2019Institut d\u2019Estudis Occitans per lo departament de Girondaassociacion lei 1901 federada a l&#8217;Institut d&#8217;Estudis Occitans, coneishut d&#8217;utilitat publicaassociation loi de 1901 f\u00e9d\u00e9r\u00e9e \u00e0 l\u2019Institut d\u2019Etudes Occitanes, reconnue d\u2019utilit\u00e9 publique Bur\u00e8u :L\u2019Ostau Occitanapartament n\u00b0110 &#8211; 47, rua Charles Tournemire 33300 Bord\u00e8uB.P. 2002233028 Bord\u00e8u C.E.D.EX. SIRET : 489&hellip;","_links":{"self":[{"href":"https:\/\/ostau-occitan.org\/oc\/wp-json\/wp\/v2\/pages\/12263","targetHints":{"allow":["GET"]}}],"collection":[{"href":"https:\/\/ostau-occitan.org\/oc\/wp-json\/wp\/v2\/pages"}],"about":[{"href":"https:\/\/ostau-occitan.org\/oc\/wp-json\/wp\/v2\/types\/page"}],"author":[{"embeddable":true,"href":"https:\/\/ostau-occitan.org\/oc\/wp-json\/wp\/v2\/users\/4"}],"replies":[{"embeddable":true,"href":"https:\/\/ostau-occitan.org\/oc\/wp-json\/wp\/v2\/comments?post=12263"}],"version-history":[{"count":3,"href":"https:\/\/ostau-occitan.org\/oc\/wp-json\/wp\/v2\/pages\/12263\/revisions"}],"predecessor-version":[{"id":12551,"href":"https:\/\/ostau-occitan.org\/oc\/wp-json\/wp\/v2\/pages\/12263\/revisions\/12551"}],"wp:attachment":[{"href":"https:\/\/ostau-occitan.org\/oc\/wp-json\/wp\/v2\/media?parent=12263"}],"curies":[{"name":"wp","href":"https:\/\/api.w.org\/{rel}","templated":true}]}}