{"id":12319,"date":"2026-02-25T00:39:52","date_gmt":"2026-02-24T23:39:52","guid":{"rendered":"https:\/\/ostau-occitan.org\/?page_id=12319"},"modified":"2026-04-11T18:55:25","modified_gmt":"2026-04-11T16:55:25","slug":"page-partenaris","status":"publish","type":"page","link":"https:\/\/ostau-occitan.org\/oc\/page-partenaris\/","title":{"rendered":"Partenaris nostes"},"content":{"rendered":"\n<div class=\"wp-block-cover is-light\" style=\"min-height:501px;aspect-ratio:unset;\"><img loading=\"lazy\" decoding=\"async\" width=\"1366\" height=\"600\" class=\"wp-block-cover__image-background wp-image-12631 size-full\" alt=\"\" src=\"https:\/\/ostau-occitan.org\/wp-content\/uploads\/2026\/03\/FondviergeLogo1366x600-2.png\" style=\"object-position:50% 50%\" data-object-fit=\"cover\" data-object-position=\"50% 50%\" srcset=\"https:\/\/ostau-occitan.org\/wp-content\/uploads\/2026\/03\/FondviergeLogo1366x600-2.png 1366w, https:\/\/ostau-occitan.org\/wp-content\/uploads\/2026\/03\/FondviergeLogo1366x600-2-300x132.png 300w, https:\/\/ostau-occitan.org\/wp-content\/uploads\/2026\/03\/FondviergeLogo1366x600-2-1024x450.png 1024w, https:\/\/ostau-occitan.org\/wp-content\/uploads\/2026\/03\/FondviergeLogo1366x600-2-768x337.png 768w\" sizes=\"auto, (max-width: 1366px) 100vw, 1366px\" \/><span aria-hidden=\"true\" class=\"wp-block-cover__background has-ast-global-color-5-background-color has-background-dim-0 has-background-dim\"><\/span><div class=\"wp-block-cover__inner-container is-layout-flow wp-block-cover-is-layout-flow\">\n<div style=\"height:120px\" aria-hidden=\"true\" class=\"wp-block-spacer\"><\/div>\n\n\n\n<p class=\"has-text-align-center has-black-color has-text-color has-link-color wp-elements-c7e4af2fe628035bebfb9622880591d6\" style=\"font-size:70px\"><br><strong>LOS PARTENARIS NOSTES<\/strong><br><br><br><strong><br>NOS PARTENAIRES<\/strong><\/p>\n<\/div><\/div>\n\n\n\n<p><\/p>\n\n\n\n<div style=\"height:120px\" aria-hidden=\"true\" class=\"wp-block-spacer\"><\/div>\n\n\n\n<div class=\"wp-block-uagb-container uagb-block-76fd40f1 alignfull uagb-is-root-container\"><div class=\"uagb-container-inner-blocks-wrap\">\n<div class=\"wp-block-uagb-container uagb-block-d62e102f\">\n<div class=\"wp-block-uagb-image aligncenter uagb-block-ed2fc232 wp-block-uagb-image--layout-default wp-block-uagb-image--effect-static wp-block-uagb-image--align-center\"><figure class=\"wp-block-uagb-image__figure\"><img decoding=\"async\" srcset=\"https:\/\/ostau-occitan.org\/wp-content\/uploads\/2026\/03\/LogoBolega-2.png ,https:\/\/ostau-occitan.org\/wp-content\/uploads\/2026\/03\/LogoBolega-2.png 780w, https:\/\/ostau-occitan.org\/wp-content\/uploads\/2026\/03\/LogoBolega-2.png 360w\" sizes=\"auto, (max-width: 480px) 150px\" src=\"https:\/\/ostau-occitan.org\/wp-content\/uploads\/2026\/03\/LogoBolega-2.png\" alt=\"\" class=\"uag-image-12672\" width=\"314\" height=\"140\" title=\"LogoBolega\" loading=\"lazy\" role=\"img\"\/><\/figure><\/div>\n<\/div>\n\n\n\n<div class=\"wp-block-uagb-container uagb-block-3f7bc65e\">\n<div class=\"wp-block-uagb-advanced-heading uagb-block-ba70e0e8\"><h3 class=\"uagb-heading-text\"><a href=\"https:\/\/www.facebook.com\/people\/Bol%C3%A8ga\/100066478789502\/\" target=\"_blank\" rel=\"noreferrer noopener\">Bol\u00e8ga ! associacion culturau occitana<\/a><\/h3><\/div>\n<\/div>\n<\/div><\/div>\n\n\n\n<div style=\"height:50px\" aria-hidden=\"true\" class=\"wp-block-spacer\"><\/div>\n\n\n\n<div class=\"wp-block-uagb-container uagb-block-1901c55b alignfull uagb-is-root-container\"><div class=\"uagb-container-inner-blocks-wrap\">\n<div class=\"wp-block-uagb-container uagb-block-c7896f49\">\n<div class=\"wp-block-uagb-image aligncenter uagb-block-66db0ca8 wp-block-uagb-image--layout-default wp-block-uagb-image--effect-static wp-block-uagb-image--align-center\"><figure class=\"wp-block-uagb-image__figure\"><img decoding=\"async\" srcset=\"https:\/\/ostau-occitan.org\/wp-content\/uploads\/2026\/03\/LogoCalandreta.png ,https:\/\/ostau-occitan.org\/wp-content\/uploads\/2026\/03\/LogoCalandreta.png 780w, https:\/\/ostau-occitan.org\/wp-content\/uploads\/2026\/03\/LogoCalandreta.png 360w\" sizes=\"auto, (max-width: 480px) 150px\" src=\"https:\/\/ostau-occitan.org\/wp-content\/uploads\/2026\/03\/LogoCalandreta.png\" alt=\"\" class=\"uag-image-12666\" width=\"158\" height=\"140\" title=\"LogoCalandreta\" loading=\"lazy\" role=\"img\"\/><\/figure><\/div>\n<\/div>\n\n\n\n<div class=\"wp-block-uagb-container uagb-block-a63aabfc\">\n<div class=\"wp-block-uagb-advanced-heading uagb-block-a2cb2c77\"><h3 class=\"uagb-heading-text\"><a href=\"https:\/\/calandreta-dauna.fr\/\" target=\"_blank\" rel=\"noreferrer noopener\">Calandreta de la Dauna<\/a><\/h3><\/div>\n<\/div>\n<\/div><\/div>\n\n\n\n<div style=\"height:50px\" aria-hidden=\"true\" class=\"wp-block-spacer\"><\/div>\n\n\n\n<div class=\"wp-block-uagb-container uagb-block-8a6fd5be alignfull uagb-is-root-container\"><div class=\"uagb-container-inner-blocks-wrap\">\n<div class=\"wp-block-uagb-container uagb-block-203127b1\">\n<div class=\"wp-block-uagb-image aligncenter uagb-block-47364ad8 wp-block-uagb-image--layout-default wp-block-uagb-image--effect-static wp-block-uagb-image--align-center\"><figure class=\"wp-block-uagb-image__figure\"><img decoding=\"async\" srcset=\"https:\/\/ostau-occitan.org\/wp-content\/uploads\/2026\/03\/LogoCGGironde.png ,https:\/\/ostau-occitan.org\/wp-content\/uploads\/2026\/03\/LogoCGGironde.png 780w, https:\/\/ostau-occitan.org\/wp-content\/uploads\/2026\/03\/LogoCGGironde.png 360w\" sizes=\"auto, (max-width: 480px) 150px\" src=\"https:\/\/ostau-occitan.org\/wp-content\/uploads\/2026\/03\/LogoCGGironde.png\" alt=\"\" class=\"uag-image-12675\" width=\"306\" height=\"140\" title=\"LogoCGGironde\" loading=\"lazy\" role=\"img\"\/><\/figure><\/div>\n<\/div>\n\n\n\n<div class=\"wp-block-uagb-container uagb-block-cc349db1\">\n<div class=\"wp-block-uagb-advanced-heading uagb-block-d1fdfba1\"><h3 class=\"uagb-heading-text\"><a href=\"https:\/\/www.gironde.fr\/\" target=\"_blank\" rel=\"noreferrer noopener\">Conseil g\u00e9n\u00e9ral de la Gironde<\/a><\/h3><\/div>\n<\/div>\n<\/div><\/div>\n\n\n\n<div style=\"height:50px\" aria-hidden=\"true\" class=\"wp-block-spacer\"><\/div>\n\n\n\n<div class=\"wp-block-uagb-container uagb-block-dc1df254 alignfull uagb-is-root-container\"><div class=\"uagb-container-inner-blocks-wrap\">\n<div class=\"wp-block-uagb-container uagb-block-c04f7f68\">\n<div class=\"wp-block-uagb-image aligncenter uagb-block-fda285bd wp-block-uagb-image--layout-default wp-block-uagb-image--effect-static wp-block-uagb-image--align-center\"><figure class=\"wp-block-uagb-image__figure\"><img decoding=\"async\" srcset=\"https:\/\/ostau-occitan.org\/wp-content\/uploads\/2026\/03\/LogoEstaca-1024x485.png ,https:\/\/ostau-occitan.org\/wp-content\/uploads\/2026\/03\/LogoEstaca.png 780w, https:\/\/ostau-occitan.org\/wp-content\/uploads\/2026\/03\/LogoEstaca.png 360w\" sizes=\"auto, (max-width: 480px) 150px\" src=\"https:\/\/ostau-occitan.org\/wp-content\/uploads\/2026\/03\/LogoEstaca-1024x485.png\" alt=\"\" class=\"uag-image-12676\" width=\"284\" height=\"140\" title=\"LogoEstaca\" loading=\"lazy\" role=\"img\"\/><\/figure><\/div>\n<\/div>\n\n\n\n<div class=\"wp-block-uagb-container uagb-block-ab2a4b55\">\n<div class=\"wp-block-uagb-advanced-heading uagb-block-14f2a043\"><h3 class=\"uagb-heading-text\"><a href=\"http:\/\/estaca.free.fr\/\" target=\"_blank\" rel=\"noreferrer noopener\">L&#8217;Estaca cercle occitan de Pe\u00e7ac e deu Bordal\u00e8s<\/a><\/h3><\/div>\n<\/div>\n<\/div><\/div>\n\n\n\n<div style=\"height:50px\" aria-hidden=\"true\" class=\"wp-block-spacer\"><\/div>\n\n\n\n<div class=\"wp-block-uagb-container uagb-block-050b395e alignfull uagb-is-root-container\"><div class=\"uagb-container-inner-blocks-wrap\">\n<div class=\"wp-block-uagb-container uagb-block-82081b8f\">\n<div class=\"wp-block-uagb-image aligncenter uagb-block-e44079e2 wp-block-uagb-image--layout-default wp-block-uagb-image--effect-static wp-block-uagb-image--align-center\"><figure class=\"wp-block-uagb-image__figure\"><img decoding=\"async\" srcset=\"https:\/\/ostau-occitan.org\/wp-content\/uploads\/2026\/03\/LogoIEO.png ,https:\/\/ostau-occitan.org\/wp-content\/uploads\/2026\/03\/LogoIEO.png 780w, https:\/\/ostau-occitan.org\/wp-content\/uploads\/2026\/03\/LogoIEO.png 360w\" sizes=\"auto, (max-width: 480px) 150px\" src=\"https:\/\/ostau-occitan.org\/wp-content\/uploads\/2026\/03\/LogoIEO.png\" alt=\"\" class=\"uag-image-12677\" width=\"214\" height=\"140\" title=\"LogoIEO\" loading=\"lazy\" role=\"img\"\/><\/figure><\/div>\n<\/div>\n\n\n\n<div class=\"wp-block-uagb-container uagb-block-a8d6ec17\">\n<div class=\"wp-block-uagb-advanced-heading uagb-block-f9c84ba8\"><h3 class=\"uagb-heading-text\"><a href=\"https:\/\/ieo-oc.org\/\" target=\"_blank\" rel=\"noreferrer noopener\">Institut d&#8217;Estudis Occitans<\/a><\/h3><\/div>\n<\/div>\n<\/div><\/div>\n\n\n\n<div style=\"height:50px\" aria-hidden=\"true\" class=\"wp-block-spacer\"><\/div>\n\n\n\n<div class=\"wp-block-uagb-container uagb-block-a5810fd4 alignfull uagb-is-root-container\"><div class=\"uagb-container-inner-blocks-wrap\">\n<div class=\"wp-block-uagb-container uagb-block-9d66698a\">\n<div class=\"wp-block-uagb-image aligncenter uagb-block-a512a9dc wp-block-uagb-image--layout-default wp-block-uagb-image--effect-static wp-block-uagb-image--align-center\"><figure class=\"wp-block-uagb-image__figure\"><img decoding=\"async\" srcset=\"https:\/\/ostau-occitan.org\/wp-content\/uploads\/2026\/03\/LogoLosTradinaires.png ,https:\/\/ostau-occitan.org\/wp-content\/uploads\/2026\/03\/LogoLosTradinaires.png 780w, https:\/\/ostau-occitan.org\/wp-content\/uploads\/2026\/03\/LogoLosTradinaires.png 360w\" sizes=\"auto, (max-width: 480px) 150px\" src=\"https:\/\/ostau-occitan.org\/wp-content\/uploads\/2026\/03\/LogoLosTradinaires.png\" alt=\"\" class=\"uag-image-12679\" width=\"144\" height=\"140\" title=\"LogoLosTradinaires\" loading=\"lazy\" role=\"img\"\/><\/figure><\/div>\n<\/div>\n\n\n\n<div class=\"wp-block-uagb-container uagb-block-32ff56d3\">\n<div class=\"wp-block-uagb-advanced-heading uagb-block-a7c8a7d0\"><h3 class=\"uagb-heading-text\"><a href=\"https:\/\/www.facebook.com\/people\/Los-Tradinaires\/100012115031266\/\" target=\"_blank\" rel=\"noreferrer noopener\">Los Tradinaires<\/a><\/h3><\/div>\n<\/div>\n<\/div><\/div>\n\n\n\n<div style=\"height:50px\" aria-hidden=\"true\" class=\"wp-block-spacer\"><\/div>\n\n\n\n<div class=\"wp-block-uagb-container uagb-block-66116b28 alignfull uagb-is-root-container\"><div class=\"uagb-container-inner-blocks-wrap\">\n<div class=\"wp-block-uagb-container uagb-block-9360e5e8\">\n<div class=\"wp-block-uagb-image aligncenter uagb-block-cb7e0ee1 wp-block-uagb-image--layout-default wp-block-uagb-image--effect-static wp-block-uagb-image--align-center\"><figure class=\"wp-block-uagb-image__figure\"><img decoding=\"async\" srcset=\"https:\/\/ostau-occitan.org\/wp-content\/uploads\/2026\/03\/LogoMuseeAq.png ,https:\/\/ostau-occitan.org\/wp-content\/uploads\/2026\/03\/LogoMuseeAq.png 780w, https:\/\/ostau-occitan.org\/wp-content\/uploads\/2026\/03\/LogoMuseeAq.png 360w\" sizes=\"auto, (max-width: 480px) 150px\" src=\"https:\/\/ostau-occitan.org\/wp-content\/uploads\/2026\/03\/LogoMuseeAq.png\" alt=\"\" class=\"uag-image-12681\" width=\"600\" height=\"140\" title=\"LogoMuseeAq\" loading=\"lazy\" role=\"img\"\/><\/figure><\/div>\n<\/div>\n\n\n\n<div class=\"wp-block-uagb-container uagb-block-ef869409\">\n<div class=\"wp-block-uagb-advanced-heading uagb-block-f6de8e60\"><h3 class=\"uagb-heading-text\"><a href=\"https:\/\/www.musee-aquitaine-bordeaux.fr\/musee-aquitaine\" target=\"_blank\" rel=\"noreferrer noopener\">Mus\u00e9e d&#8217;Aquitaine<\/a><\/h3><\/div>\n<\/div>\n<\/div><\/div>\n\n\n\n<div style=\"height:50px\" aria-hidden=\"true\" class=\"wp-block-spacer\"><\/div>\n\n\n\n<div class=\"wp-block-uagb-container uagb-block-df058d1c alignfull uagb-is-root-container\"><div class=\"uagb-container-inner-blocks-wrap\">\n<div class=\"wp-block-uagb-container uagb-block-87d92b8b\">\n<div class=\"wp-block-uagb-image aligncenter uagb-block-2f8848b9 wp-block-uagb-image--layout-default wp-block-uagb-image--effect-static wp-block-uagb-image--align-center\"><figure class=\"wp-block-uagb-image__figure\"><img decoding=\"async\" srcset=\"https:\/\/ostau-occitan.org\/wp-content\/uploads\/2026\/03\/logoRegionnouvelle-aquitaine-1024x582.png ,https:\/\/ostau-occitan.org\/wp-content\/uploads\/2026\/03\/logoRegionnouvelle-aquitaine.png 780w, https:\/\/ostau-occitan.org\/wp-content\/uploads\/2026\/03\/logoRegionnouvelle-aquitaine.png 360w\" sizes=\"auto, (max-width: 480px) 150px\" src=\"https:\/\/ostau-occitan.org\/wp-content\/uploads\/2026\/03\/logoRegionnouvelle-aquitaine-1024x582.png\" alt=\"\" class=\"uag-image-12682\" width=\"404\" height=\"140\" title=\"logoRegionnouvelle-aquitaine\" loading=\"lazy\" role=\"img\"\/><\/figure><\/div>\n<\/div>\n\n\n\n<div class=\"wp-block-uagb-container uagb-block-ca1ac9f3\">\n<div class=\"wp-block-uagb-advanced-heading uagb-block-3fb9d27b\"><h3 class=\"uagb-heading-text\"><a href=\"https:\/\/www.nouvelle-aquitaine.fr\/\" target=\"_blank\" rel=\"noreferrer noopener\">R\u00e9gion Nouvelle-Aquitaine<\/a><\/h3><\/div>\n<\/div>\n<\/div><\/div>\n\n\n\n<div style=\"height:50px\" aria-hidden=\"true\" class=\"wp-block-spacer\"><\/div>\n\n\n\n<div class=\"wp-block-uagb-container uagb-block-4cb903c8 alignfull uagb-is-root-container\"><div class=\"uagb-container-inner-blocks-wrap\">\n<div class=\"wp-block-uagb-container uagb-block-858664ed\">\n<div class=\"wp-block-uagb-image aligncenter uagb-block-0f374ed9 wp-block-uagb-image--layout-default wp-block-uagb-image--effect-static wp-block-uagb-image--align-center\"><figure class=\"wp-block-uagb-image__figure\"><img decoding=\"async\" srcset=\"https:\/\/ostau-occitan.org\/wp-content\/uploads\/2026\/03\/LogoUniversiteBx3-1024x377.png ,https:\/\/ostau-occitan.org\/wp-content\/uploads\/2026\/03\/LogoUniversiteBx3-scaled.png 780w, https:\/\/ostau-occitan.org\/wp-content\/uploads\/2026\/03\/LogoUniversiteBx3-scaled.png 360w\" sizes=\"auto, (max-width: 480px) 150px\" src=\"https:\/\/ostau-occitan.org\/wp-content\/uploads\/2026\/03\/LogoUniversiteBx3-1024x377.png\" alt=\"\" class=\"uag-image-12683\" width=\"375\" height=\"140\" title=\"LogoUniversiteBx3\" loading=\"lazy\" role=\"img\"\/><\/figure><\/div>\n<\/div>\n\n\n\n<div class=\"wp-block-uagb-container uagb-block-ab38406c\">\n<div class=\"wp-block-uagb-advanced-heading uagb-block-59fc93e3\"><h3 class=\"uagb-heading-text\"><a href=\"https:\/\/www.u-bordeaux-montaigne.fr\/fr\/index.html\" target=\"_blank\" rel=\"noreferrer noopener\">Universit\u00e9 Michel de Montaigne Bordeaux 3<\/a><\/h3><\/div>\n<\/div>\n<\/div><\/div>\n\n\n\n<div style=\"height:50px\" aria-hidden=\"true\" class=\"wp-block-spacer\"><\/div>\n\n\n\n<div class=\"wp-block-uagb-container uagb-block-bba167c7 alignfull uagb-is-root-container\"><div class=\"uagb-container-inner-blocks-wrap\">\n<div class=\"wp-block-uagb-container uagb-block-ef73c12f\">\n<div class=\"wp-block-uagb-image aligncenter uagb-block-5ff8e35b wp-block-uagb-image--layout-default wp-block-uagb-image--effect-static wp-block-uagb-image--align-center\"><figure class=\"wp-block-uagb-image__figure\"><img decoding=\"async\" srcset=\"https:\/\/ostau-occitan.org\/wp-content\/uploads\/2026\/03\/LogoVilledeBordeaux.png ,https:\/\/ostau-occitan.org\/wp-content\/uploads\/2026\/03\/LogoVilledeBordeaux.png 780w, https:\/\/ostau-occitan.org\/wp-content\/uploads\/2026\/03\/LogoVilledeBordeaux.png 360w\" sizes=\"auto, (max-width: 480px) 150px\" src=\"https:\/\/ostau-occitan.org\/wp-content\/uploads\/2026\/03\/LogoVilledeBordeaux.png\" alt=\"\" class=\"uag-image-12684\" width=\"108\" height=\"140\" title=\"LogoVilledeBordeaux\" loading=\"lazy\" role=\"img\"\/><\/figure><\/div>\n<\/div>\n\n\n\n<div class=\"wp-block-uagb-container uagb-block-ea515aa0\">\n<div class=\"wp-block-uagb-advanced-heading uagb-block-ae6fce6d\"><h3 class=\"uagb-heading-text\"><a href=\"https:\/\/www.bordeaux.fr\/\" target=\"_blank\" rel=\"noreferrer noopener\">Ville de Bordeaux<\/a><\/h3><\/div>\n<\/div>\n<\/div><\/div>\n\n\n\n<div style=\"height:50px\" aria-hidden=\"true\" class=\"wp-block-spacer\"><\/div>\n\n\n\n<div class=\"wp-block-uagb-container uagb-block-267c10e0 alignfull uagb-is-root-container\"><div class=\"uagb-container-inner-blocks-wrap\">\n<div class=\"wp-block-uagb-container uagb-block-a38ca803\">\n<div class=\"wp-block-uagb-image aligncenter uagb-block-49ab627c wp-block-uagb-image--layout-default wp-block-uagb-image--effect-static wp-block-uagb-image--align-center\"><figure class=\"wp-block-uagb-image__figure\"><img decoding=\"async\" srcset=\"https:\/\/ostau-occitan.org\/wp-content\/uploads\/2026\/03\/LogovilaPecac.png ,https:\/\/ostau-occitan.org\/wp-content\/uploads\/2026\/03\/LogovilaPecac.png 780w, https:\/\/ostau-occitan.org\/wp-content\/uploads\/2026\/03\/LogovilaPecac.png 360w\" sizes=\"auto, (max-width: 480px) 150px\" src=\"https:\/\/ostau-occitan.org\/wp-content\/uploads\/2026\/03\/LogovilaPecac.png\" alt=\"\" class=\"uag-image-12688\" width=\"452\" height=\"140\" title=\"LogovilaPecac\" loading=\"lazy\" role=\"img\"\/><\/figure><\/div>\n<\/div>\n\n\n\n<div class=\"wp-block-uagb-container uagb-block-824b1345\">\n<div class=\"wp-block-uagb-advanced-heading uagb-block-3b9f906a\"><h3 class=\"uagb-heading-text\"><a href=\"https:\/\/www.pessac.fr\/\" target=\"_blank\" rel=\"noreferrer noopener\">Ville de Pessac<\/a><\/h3><\/div>\n<\/div>\n<\/div><\/div>\n\n\n\n<p><\/p>\n","protected":false},"excerpt":{"rendered":"<p>Bol\u00e8ga ! associacion culturau occitana Calandreta de la Dauna Conseil g\u00e9n\u00e9ral de la Gironde L&#8217;Estaca cercle occitan de Pe\u00e7ac e deu Bordal\u00e8s Institut d&#8217;Estudis Occitans Los Tradinaires Mus\u00e9e d&#8217;Aquitaine R\u00e9gion Nouvelle-Aquitaine Universit\u00e9 Michel de Montaigne Bordeaux 3 Ville de Bordeaux Ville de Pessac<\/p>\n","protected":false},"author":4,"featured_media":0,"parent":0,"menu_order":0,"comment_status":"closed","ping_status":"closed","template":"","meta":{"_uag_custom_page_level_css":"","site-sidebar-layout":"default","site-content-layout":"","ast-site-content-layout":"default","site-content-style":"default","site-sidebar-style":"default","ast-global-header-display":"","ast-banner-title-visibility":"","ast-main-header-display":"","ast-hfb-above-header-display":"","ast-hfb-below-header-display":"","ast-hfb-mobile-header-display":"","site-post-title":"disabled","ast-breadcrumbs-content":"","ast-featured-img":"","footer-sml-layout":"","ast-disable-related-posts":"","theme-transparent-header-meta":"","adv-header-id-meta":"","stick-header-meta":"","header-above-stick-meta":"","header-main-stick-meta":"","header-below-stick-meta":"","astra-migrate-meta-layouts":"set","ast-page-background-enabled":"default","ast-page-background-meta":{"desktop":{"background-color":"var(--ast-global-color-4)","background-image":"","background-repeat":"repeat","background-position":"center center","background-size":"auto","background-attachment":"scroll","background-type":"","background-media":"","overlay-type":"","overlay-color":"","overlay-opacity":"","overlay-gradient":""},"tablet":{"background-color":"","background-image":"","background-repeat":"repeat","background-position":"center center","background-size":"auto","background-attachment":"scroll","background-type":"","background-media":"","overlay-type":"","overlay-color":"","overlay-opacity":"","overlay-gradient":""},"mobile":{"background-color":"","background-image":"","background-repeat":"repeat","background-position":"center center","background-size":"auto","background-attachment":"scroll","background-type":"","background-media":"","overlay-type":"","overlay-color":"","overlay-opacity":"","overlay-gradient":""}},"ast-content-background-meta":{"desktop":{"background-color":"var(--ast-global-color-5)","background-image":"","background-repeat":"repeat","background-position":"center center","background-size":"auto","background-attachment":"scroll","background-type":"","background-media":"","overlay-type":"","overlay-color":"","overlay-opacity":"","overlay-gradient":""},"tablet":{"background-color":"var(--ast-global-color-5)","background-image":"","background-repeat":"repeat","background-position":"center center","background-size":"auto","background-attachment":"scroll","background-type":"","background-media":"","overlay-type":"","overlay-color":"","overlay-opacity":"","overlay-gradient":""},"mobile":{"background-color":"var(--ast-global-color-5)","background-image":"","background-repeat":"repeat","background-position":"center center","background-size":"auto","background-attachment":"scroll","background-type":"","background-media":"","overlay-type":"","overlay-color":"","overlay-opacity":"","overlay-gradient":""}},"footnotes":""},"class_list":["post-12319","page","type-page","status-publish","hentry"],"translation":{"provider":"WPGlobus","version":"3.0.2","language":"oc","enabled_languages":["fr","oc"],"languages":{"fr":{"title":true,"content":true,"excerpt":false},"oc":{"title":false,"content":false,"excerpt":false}}},"uagb_featured_image_src":{"full":false,"thumbnail":false,"medium":false,"medium_large":false,"large":false,"1536x1536":false,"2048x2048":false},"uagb_author_info":{"display_name":"Ostau Occitan","author_link":"https:\/\/ostau-occitan.org\/oc\/author\/ostau\/"},"uagb_comment_info":0,"uagb_excerpt":"Bol\u00e8ga ! associacion culturau occitana Calandreta de la Dauna Conseil g\u00e9n\u00e9ral de la Gironde L&#8217;Estaca cercle occitan de Pe\u00e7ac e deu Bordal\u00e8s Institut d&#8217;Estudis Occitans Los Tradinaires Mus\u00e9e d&#8217;Aquitaine R\u00e9gion Nouvelle-Aquitaine Universit\u00e9 Michel de Montaigne Bordeaux 3 Ville de Bordeaux Ville de Pessac","_links":{"self":[{"href":"https:\/\/ostau-occitan.org\/oc\/wp-json\/wp\/v2\/pages\/12319","targetHints":{"allow":["GET"]}}],"collection":[{"href":"https:\/\/ostau-occitan.org\/oc\/wp-json\/wp\/v2\/pages"}],"about":[{"href":"https:\/\/ostau-occitan.org\/oc\/wp-json\/wp\/v2\/types\/page"}],"author":[{"embeddable":true,"href":"https:\/\/ostau-occitan.org\/oc\/wp-json\/wp\/v2\/users\/4"}],"replies":[{"embeddable":true,"href":"https:\/\/ostau-occitan.org\/oc\/wp-json\/wp\/v2\/comments?post=12319"}],"version-history":[{"count":56,"href":"https:\/\/ostau-occitan.org\/oc\/wp-json\/wp\/v2\/pages\/12319\/revisions"}],"predecessor-version":[{"id":12935,"href":"https:\/\/ostau-occitan.org\/oc\/wp-json\/wp\/v2\/pages\/12319\/revisions\/12935"}],"wp:attachment":[{"href":"https:\/\/ostau-occitan.org\/oc\/wp-json\/wp\/v2\/media?parent=12319"}],"curies":[{"name":"wp","href":"https:\/\/api.w.org\/{rel}","templated":true}]}}