{"id":12554,"date":"2026-03-06T05:26:06","date_gmt":"2026-03-06T04:26:06","guid":{"rendered":"https:\/\/ostau-occitan.org\/?page_id=12554"},"modified":"2026-04-22T18:12:39","modified_gmt":"2026-04-22T16:12:39","slug":"lostau-occitan-ques-aquo","status":"publish","type":"page","link":"https:\/\/ostau-occitan.org\/oc\/lostau-occitan-ques-aquo\/","title":{"rendered":"L&#8217;Ostau Occitan, qu&#8217;es aqu\u00f2 ?"},"content":{"rendered":"\n<div class=\"wp-block-cover is-light has-custom-content-position is-position-bottom-center\"><img loading=\"lazy\" decoding=\"async\" width=\"1024\" height=\"512\" class=\"wp-block-cover__image-background wp-image-12100 size-large\" alt=\"Banniere L'Ostau Occitan\" src=\"https:\/\/ostau-occitan.org\/wp-content\/uploads\/2026\/02\/header-accueil-sans-texte-1024x512.png\" style=\"object-position:50% 80%\" data-object-fit=\"cover\" data-object-position=\"50% 80%\" srcset=\"https:\/\/ostau-occitan.org\/wp-content\/uploads\/2026\/02\/header-accueil-sans-texte-1024x512.png 1024w, https:\/\/ostau-occitan.org\/wp-content\/uploads\/2026\/02\/header-accueil-sans-texte-300x150.png 300w, https:\/\/ostau-occitan.org\/wp-content\/uploads\/2026\/02\/header-accueil-sans-texte-768x384.png 768w, https:\/\/ostau-occitan.org\/wp-content\/uploads\/2026\/02\/header-accueil-sans-texte-1536x768.png 1536w, https:\/\/ostau-occitan.org\/wp-content\/uploads\/2026\/02\/header-accueil-sans-texte.png 1600w\" sizes=\"auto, (max-width: 1024px) 100vw, 1024px\" \/><span aria-hidden=\"true\" class=\"wp-block-cover__background has-background-dim-0 has-background-dim\"><\/span><div class=\"wp-block-cover__inner-container is-layout-flow wp-block-cover-is-layout-flow\">\n<div style=\"height:214px\" aria-hidden=\"true\" class=\"wp-block-spacer\"><\/div>\n\n\n\n<h1 class=\"wp-block-heading has-text-align-center has-ast-global-color-5-color has-text-color has-link-color wp-elements-49c686b05e5ec927007a8fad8a464773\" style=\"line-height:0.5\"><br><br><strong>L&#8217;OSTAU OCCITAN<\/strong><\/h1>\n\n\n\n<h3 class=\"wp-block-heading has-text-align-center has-ast-global-color-5-color has-text-color has-link-color wp-elements-c45ec6b4398cf3300ba8788784ffecf0\" style=\"border-style:none;border-width:0px;border-top-left-radius:0px;border-top-right-radius:0px;border-bottom-left-radius:0px;border-bottom-right-radius:0px;font-size:25px\">SECCION DE L&#8217;INSTITUT D&#8217;ESTUDIS OCCITANS<br>PER LO DEPARTAMENT DE GIRONDA<\/h3>\n<\/div><\/div>\n\n\n\n<div style=\"height:50px\" aria-hidden=\"true\" class=\"wp-block-spacer\"><\/div>\n\n\n\n<h2 class=\"wp-block-heading has-text-align-center\">L&#8217;Ostau Occitan,<br>qu&#8217;es aqu\u00f2 ?<\/h2>\n\n\n\n<p class=\"has-medium-font-size\"><strong>L&#8217;Ostau Occitan<\/strong> qu&#8217;ei la seccion departamentau de l&#8217;<a href=\"https:\/\/ieo-oc.org\/\" target=\"_blank\" rel=\"noreferrer noopener\">Institut d&#8217;Estudis Occitans<\/a> per lo departament de Gironda. Est\u00f3 creat en 1970 dab las medishas miras que l&#8217;IEO : la valorizacion, la promocion e la socializacion de la lenga e de las culturas occitanas, especiaument de la varianta dialectau gascona emplegada en Gironda.<\/p>\n\n\n\n<p class=\"has-medium-font-size\">L&#8217;Ostau Occitan qu&#8217;ei ua associacion lei de 1901 coneishuda d&#8217;utilitat publica, sostenguda peu Conselh Regionau d&#8217;Aquit\u00e0nia Nav\u00e8ra e peu Conselh Departamentau de Gironda. Desvol\u00f2pa proj\u00e8ctes dab municipalitats, operators culturaus e associacions girondinas que desiran s&#8217;engatjar per har par\u00e9isher la lenga e la cultura occitanas.<\/p>\n\n\n\n<p class=\"has-medium-font-size\">L&#8217;Ostau Occitan organiza per l&#8217;annada sanc\u00e8ra <a href=\"https:\/\/ostau-occitan.org\/que-de-nau\/\" target=\"_blank\" rel=\"noreferrer noopener\">talh\u00e8rs e eveniments culturaus<\/a> pertocant l&#8217;occitan : talh\u00e8rs de lenga, de cantas et de dan\u00e7as, conc\u00e8rts, bals, confer\u00e9ncias, projeccions de filmes e de documentaris, espectacles, marcat occitan\u2026 Lo punt d\u2019\u00f2rgue d&#8217;aqueras activitats qu&#8217;ei lo <a href=\"https:\/\/ostau-occitan.org\/pagemascaret\/\" target=\"_blank\" rel=\"noreferrer noopener\">hestenau occitan MASCARET<\/a>, qu\u2019organisam cada autona despuish 2011.<\/p>\n\n\n\n<p class=\"has-medium-font-size\">L&#8217;Ostau Occitan perpausa tanben <a href=\"https:\/\/ostau-occitan.org\/page-aprener\/\" target=\"_blank\" rel=\"noreferrer noopener\">cors d&#8217;occitan per adultes<\/a> dens mantunas comunas de Gironda.<\/p>\n\n\n\n<p class=\"has-medium-font-size\">L&#8217;Ostau Occitan recensa e difusa l&#8217;actualitat de l&#8217;occitan en Gironda, publica documentacion en occitan (plan de Bord\u00e8u, calendari\u2026), vend libes, CD, DVD documentaris, et \u00f2bra dab las collectivitats locaus a favor de la pres\u00e9ncia d&#8217;aficatges en lenga occitana dens l&#8217;espaci public.<\/p>\n\n\n\n<div class=\"wp-block-uagb-image aligncenter uagb-block-4bf54f62 wp-block-uagb-image--layout-default wp-block-uagb-image--effect-static wp-block-uagb-image--align-center\"><figure class=\"wp-block-uagb-image__figure\"><img decoding=\"async\" srcset=\"https:\/\/ostau-occitan.org\/wp-content\/uploads\/2026\/04\/logorond.png ,https:\/\/ostau-occitan.org\/wp-content\/uploads\/2026\/04\/logorond.png 780w, https:\/\/ostau-occitan.org\/wp-content\/uploads\/2026\/04\/logorond.png 360w\" sizes=\"auto, (max-width: 480px) 150px\" src=\"https:\/\/ostau-occitan.org\/wp-content\/uploads\/2026\/04\/logorond.png\" alt=\"\" class=\"uag-image-13027\" width=\"333\" height=\"333\" title=\"logorond\" loading=\"lazy\" role=\"img\"\/><\/figure><\/div>\n\n\n\n<div style=\"height:50px\" aria-hidden=\"true\" class=\"wp-block-spacer\"><\/div>\n\n\n\n<p class=\"has-medium-font-size\"><strong>L&#8217;Ostau Occitan<\/strong> est la section d\u00e9partementale de l&#8217;<a href=\"https:\/\/ieo-oc.org\/\" target=\"_blank\" rel=\"noreferrer noopener\">Institut d&#8217;\u00c9tudes Occitanes<\/a> pour le d\u00e9partement de la Gironde. Il a \u00e9t\u00e9 cr\u00e9\u00e9 en 1970 avec les m\u00eames buts que l&#8217;IEO : la valorisation, la promotion et la socialisation des langue et cultures occitanes, notamment dans la variante gasconne utilis\u00e9e en Gironde.<\/p>\n\n\n\n<p class=\"has-medium-font-size\">L&#8217;Ostau Occitan est une association loi de 1901 reconnue d&#8217;utilit\u00e9 publique, soutenue par le Conseil R\u00e9gional de Nouvelle-Aquitaine et par le Conseil D\u00e9partemental de Gironde. Cette association d\u00e9veloppe des projets avec diff\u00e9rentes municipalit\u00e9s, op\u00e9rateurs culturels et associations girondines d\u00e9sireuses de mettre en valeur la langue et la culture occitanes.<\/p>\n\n\n\n<p class=\"has-medium-font-size\">L&#8217;Ostau Occitan organise tout au long de l&#8217;ann\u00e9e <a href=\"https:\/\/ostau-occitan.org\/que-de-nau\/\" target=\"_blank\" rel=\"noreferrer noopener\">des ateliers et des \u00e9v\u00e9nements culturels<\/a> autour de l&#8217;occitan : ateliers de langue, de chant et de danse, concerts, bals, conf\u00e9rences, projection de films et de documentaires, spectacles, march\u00e9 occitan\u2026 avec pour point d&#8217;orgue, chaque automne depuis 2011, le <a href=\"https:\/\/ostau-occitan.org\/pagemascaret\/\" target=\"_blank\" rel=\"noreferrer noopener\">festival occitan MASCARET<\/a>.<\/p>\n\n\n\n<p class=\"has-medium-font-size\">L&#8217;Ostau Occitan propose \u00e9galement des <a href=\"https:\/\/ostau-occitan.org\/page-aprener\/\" target=\"_blank\" rel=\"noreferrer noopener\">cours d&#8217;occitan pour adultes<\/a> dans plusieurs communes girondines.<\/p>\n\n\n\n<p class=\"has-medium-font-size\">L&#8217;Ostau Occitan recense et diffuse l&#8217;actualit\u00e9 de l&#8217;occitan en Gironde, publie de la documentation en occitan (plan de Bordeaux, calendrier\u2026), vend livres, CD, DVD documentaires et travaille aupr\u00e8s des collectivit\u00e9s locales pour d\u00e9velopper la pr\u00e9sence de signal\u00e9tique en langue occitane dans l&#8217;espace public.<\/p>\n","protected":false},"excerpt":{"rendered":"<p>L&#8217;Ostau Occitan,qu&#8217;es aqu\u00f2 ? L&#8217;Ostau Occitan qu&#8217;ei la seccion departamentau de l&#8217;Institut d&#8217;Estudis Occitans per lo departament de Gironda. Est\u00f3 creat en 1970 dab las medishas miras que l&#8217;IEO : la valorizacion, la promocion e la socializacion de la lenga e de las culturas occitanas, especiaument de la varianta dialectau gascona emplegada en Gironda. L&#8217;Ostau [&hellip;]<\/p>\n","protected":false},"author":4,"featured_media":0,"parent":0,"menu_order":0,"comment_status":"closed","ping_status":"closed","template":"","meta":{"_uag_custom_page_level_css":"","site-sidebar-layout":"default","site-content-layout":"","ast-site-content-layout":"default","site-content-style":"default","site-sidebar-style":"default","ast-global-header-display":"disabled","ast-banner-title-visibility":"","ast-main-header-display":"","ast-hfb-above-header-display":"","ast-hfb-below-header-display":"","ast-hfb-mobile-header-display":"","site-post-title":"disabled","ast-breadcrumbs-content":"","ast-featured-img":"","footer-sml-layout":"","ast-disable-related-posts":"","theme-transparent-header-meta":"","adv-header-id-meta":"","stick-header-meta":"","header-above-stick-meta":"","header-main-stick-meta":"","header-below-stick-meta":"","astra-migrate-meta-layouts":"set","ast-page-background-enabled":"default","ast-page-background-meta":{"desktop":{"background-color":"var(--ast-global-color-4)","background-image":"","background-repeat":"repeat","background-position":"center center","background-size":"auto","background-attachment":"scroll","background-type":"","background-media":"","overlay-type":"","overlay-color":"","overlay-opacity":"","overlay-gradient":""},"tablet":{"background-color":"","background-image":"","background-repeat":"repeat","background-position":"center center","background-size":"auto","background-attachment":"scroll","background-type":"","background-media":"","overlay-type":"","overlay-color":"","overlay-opacity":"","overlay-gradient":""},"mobile":{"background-color":"","background-image":"","background-repeat":"repeat","background-position":"center center","background-size":"auto","background-attachment":"scroll","background-type":"","background-media":"","overlay-type":"","overlay-color":"","overlay-opacity":"","overlay-gradient":""}},"ast-content-background-meta":{"desktop":{"background-color":"var(--ast-global-color-5)","background-image":"","background-repeat":"repeat","background-position":"center center","background-size":"auto","background-attachment":"scroll","background-type":"","background-media":"","overlay-type":"","overlay-color":"","overlay-opacity":"","overlay-gradient":""},"tablet":{"background-color":"var(--ast-global-color-5)","background-image":"","background-repeat":"repeat","background-position":"center center","background-size":"auto","background-attachment":"scroll","background-type":"","background-media":"","overlay-type":"","overlay-color":"","overlay-opacity":"","overlay-gradient":""},"mobile":{"background-color":"var(--ast-global-color-5)","background-image":"","background-repeat":"repeat","background-position":"center center","background-size":"auto","background-attachment":"scroll","background-type":"","background-media":"","overlay-type":"","overlay-color":"","overlay-opacity":"","overlay-gradient":""}},"footnotes":""},"class_list":["post-12554","page","type-page","status-publish","hentry"],"translation":{"provider":"WPGlobus","version":"3.0.2","language":"oc","enabled_languages":["fr","oc"],"languages":{"fr":{"title":true,"content":true,"excerpt":false},"oc":{"title":false,"content":false,"excerpt":false}}},"uagb_featured_image_src":{"full":false,"thumbnail":false,"medium":false,"medium_large":false,"large":false,"1536x1536":false,"2048x2048":false},"uagb_author_info":{"display_name":"Ostau Occitan","author_link":"https:\/\/ostau-occitan.org\/oc\/author\/ostau\/"},"uagb_comment_info":0,"uagb_excerpt":"L&#8217;Ostau Occitan,qu&#8217;es aqu\u00f2 ? L&#8217;Ostau Occitan qu&#8217;ei la seccion departamentau de l&#8217;Institut d&#8217;Estudis Occitans per lo departament de Gironda. Est\u00f3 creat en 1970 dab las medishas miras que l&#8217;IEO : la valorizacion, la promocion e la socializacion de la lenga e de las culturas occitanas, especiaument de la varianta dialectau gascona emplegada en Gironda. L&#8217;Ostau&hellip;","_links":{"self":[{"href":"https:\/\/ostau-occitan.org\/oc\/wp-json\/wp\/v2\/pages\/12554","targetHints":{"allow":["GET"]}}],"collection":[{"href":"https:\/\/ostau-occitan.org\/oc\/wp-json\/wp\/v2\/pages"}],"about":[{"href":"https:\/\/ostau-occitan.org\/oc\/wp-json\/wp\/v2\/types\/page"}],"author":[{"embeddable":true,"href":"https:\/\/ostau-occitan.org\/oc\/wp-json\/wp\/v2\/users\/4"}],"replies":[{"embeddable":true,"href":"https:\/\/ostau-occitan.org\/oc\/wp-json\/wp\/v2\/comments?post=12554"}],"version-history":[{"count":7,"href":"https:\/\/ostau-occitan.org\/oc\/wp-json\/wp\/v2\/pages\/12554\/revisions"}],"predecessor-version":[{"id":13035,"href":"https:\/\/ostau-occitan.org\/oc\/wp-json\/wp\/v2\/pages\/12554\/revisions\/13035"}],"wp:attachment":[{"href":"https:\/\/ostau-occitan.org\/oc\/wp-json\/wp\/v2\/media?parent=12554"}],"curies":[{"name":"wp","href":"https:\/\/api.w.org\/{rel}","templated":true}]}}