{"id":12859,"date":"2026-04-11T06:13:19","date_gmt":"2026-04-11T04:13:19","guid":{"rendered":"https:\/\/ostau-occitan.org\/?page_id=12859"},"modified":"2026-04-11T07:27:10","modified_gmt":"2026-04-11T05:27:10","slug":"que-de-nau","status":"publish","type":"page","link":"https:\/\/ostau-occitan.org\/oc\/que-de-nau\/","title":{"rendered":"Que de nau ?"},"content":{"rendered":"\n<div class=\"wp-block-cover aligncenter\" style=\"font-size:65px;min-height:450px;aspect-ratio:unset;\"><span aria-hidden=\"true\" class=\"wp-block-cover__background has-ast-global-color-5-background-color has-background-dim-0 has-background-dim\"><\/span><img loading=\"lazy\" decoding=\"async\" width=\"800\" height=\"300\" src=\"https:\/\/ostau-occitan.org\/wp-content\/uploads\/2026\/04\/peinture-1.png\" class=\"wp-block-cover__image-background wp-post-image\" alt=\"\" data-object-fit=\"cover\" data-object-position=\"52% 27%\" style=\"object-position:52% 27%;\" srcset=\"https:\/\/ostau-occitan.org\/wp-content\/uploads\/2026\/04\/peinture-1.png 800w, https:\/\/ostau-occitan.org\/wp-content\/uploads\/2026\/04\/peinture-1-300x113.png 300w, https:\/\/ostau-occitan.org\/wp-content\/uploads\/2026\/04\/peinture-1-768x288.png 768w\" sizes=\"auto, (max-width: 800px) 100vw, 800px\" \/><div class=\"wp-block-cover__inner-container is-layout-flow wp-block-cover-is-layout-flow\">\n<p class=\"has-text-align-center has-ast-global-color-5-color has-text-color has-link-color wp-elements-769aec72a46163b95730f31a7b45be1a\" style=\"font-size:70px\"><strong>QUE DE NAU ?<\/strong><br><br><br><br><strong><br>QUOI DE NEUF ?<\/strong><\/p>\n<\/div><\/div>\n\n\n\n<div style=\"height:100px\" aria-hidden=\"true\" class=\"wp-block-spacer\"><\/div>\n\n\n<div id=\"vsel\" class=\"vsel-shortcode vsel-shortcode-all-events\"><div id=\"event-12833\" class=\"vsel-content encontra hesta hestenau vsel-upcoming vsel-future\"><div class=\"vsel-meta vsel-alignleft\" style=\"width:25%;\"><h3 class=\"vsel-meta-title\"><a href=\"https:\/\/ostau-occitan.org\/oc\/event\/la-passem-ua-corruda-en-gascon\/\" rel=\"bookmark\" title=\"LA PASSEM : ua corruda en gascon\">LA PASSEM : ua corruda en gascon<\/a><\/h3><div class=\"vsel-meta-date-icon vsel-meta-combined-date-icon\"><div class=\"vsel-start-icon\"><a href=\"https:\/\/ostau-occitan.org\/oc\/event\/la-passem-ua-corruda-en-gascon\/\" rel=\"bookmark\"><span class=\"vsel-day vsel-day-top\">30<\/span><span class=\"vsel-month\">Apr<\/span><span class=\"vsel-year\">2026<\/span><\/a><\/div><div class=\"vsel-end-icon\"><a href=\"https:\/\/ostau-occitan.org\/oc\/event\/la-passem-ua-corruda-en-gascon\/\" rel=\"bookmark\"><span class=\"vsel-day vsel-day-top\">9<\/span><span class=\"vsel-month\">May<\/span><span class=\"vsel-year\">2026<\/span><\/a><\/div><\/div><div class=\"vsel-meta-location\">L\u00f2c : <span>Gasconha<\/span><\/div><div class=\"vsel-meta-link\"><a href=\"https:\/\/lapassem.com\/\" rel=\"noopener noreferrer\" rel=\"noopener noreferrer\" target=\"_blank\" title=\"https:\/\/lapassem.com\/\">Site de La Passem<\/a><\/div><div class=\"vsel-meta-cats\">encontra | h\u00e8sta | hestenau<\/div><\/div><div class=\"vsel-info vsel-alignright\" style=\"width:71%;\"><figure class=\"vsel-image vsel-alignright\" style=\"max-width:35%;\"><a href=\"https:\/\/ostau-occitan.org\/oc\/event\/la-passem-ua-corruda-en-gascon\/\" rel=\"bookmark\"><img loading=\"lazy\" decoding=\"async\" width=\"816\" height=\"741\" src=\"https:\/\/ostau-occitan.org\/wp-content\/uploads\/2026\/04\/banniere-site-passem-816.png\" class=\"vsel-image-img wp-post-image\" alt=\"banniere-site-passem-816\" srcset=\"https:\/\/ostau-occitan.org\/wp-content\/uploads\/2026\/04\/banniere-site-passem-816.png 816w, https:\/\/ostau-occitan.org\/wp-content\/uploads\/2026\/04\/banniere-site-passem-816-300x272.png 300w, https:\/\/ostau-occitan.org\/wp-content\/uploads\/2026\/04\/banniere-site-passem-816-768x697.png 768w\" sizes=\"auto, (max-width: 816px) 100vw, 816px\" \/><\/a><\/figure><div class=\"vsel-text\"><p>LA PASSEM : ua corruda en gascon Desempuish 2018, l&#8217;associacion Ligams organisa ua corruda bisannau per los par\u00e7ans de Gasconha. La t\u00f2ca d&#8217;aquest eveniment sportiu e hestiu qu&#8217;ei de portar lo gascon e l&#8217;occitan dens l&#8217;espaci public autau com de finan\u00e7ar e sosti\u00e9ner proj\u00e8ctes t\u00e0 los avalorar e los espandir.Per sa 4au edicion, LA PASSEM [&hellip;]<\/p>\n<a class=\"vsel-read-more\" href=\"https:\/\/ostau-occitan.org\/oc\/event\/la-passem-ua-corruda-en-gascon\/\" rel=\"bookmark\">L\u00e9ger la seguida<\/a><\/div><\/div><\/div><div id=\"event-12883\" class=\"vsel-content conferencia debat encontra filme vsel-past\"><div class=\"vsel-meta vsel-alignleft\" style=\"width:25%;\"><h3 class=\"vsel-meta-title\"><a href=\"https:\/\/ostau-occitan.org\/oc\/event\/desseirada-marcela-delpastre-a-vasats\/\" rel=\"bookmark\" title=\"Desseirada Marcela Delpastre a Vasats\">Desseirada Marcela Delpastre a Vasats<\/a><\/h3><div class=\"vsel-meta-date-icon vsel-meta-single-date-icon\"><div class=\"vsel-start-icon\"><a href=\"https:\/\/ostau-occitan.org\/oc\/event\/desseirada-marcela-delpastre-a-vasats\/\" rel=\"bookmark\"><span class=\"vsel-day vsel-day-top\">21<\/span><span class=\"vsel-month\">Mar<\/span><span class=\"vsel-year\">2026<\/span><\/a><\/div><\/div><div class=\"vsel-meta-time\">\u00d2ra : <span>18:00<\/span><\/div><div class=\"vsel-meta-location\">L\u00f2c : <span>Vasats Le Poly\u00e8dre et Cin\u00e9ma Le Vog<\/span><\/div><div class=\"vsel-meta-cats\">confer\u00e9ncia | debat | encontra | filme<\/div><\/div><div class=\"vsel-info vsel-alignright\" style=\"width:71%;\"><figure class=\"vsel-image vsel-alignright\" style=\"max-width:35%;\"><a href=\"https:\/\/ostau-occitan.org\/oc\/event\/desseirada-marcela-delpastre-a-vasats\/\" rel=\"bookmark\"><img loading=\"lazy\" decoding=\"async\" width=\"1403\" height=\"447\" src=\"https:\/\/ostau-occitan.org\/wp-content\/uploads\/2026\/04\/DelpastrePortrait.png\" class=\"vsel-image-img wp-post-image\" alt=\"DelpastrePortrait\" srcset=\"https:\/\/ostau-occitan.org\/wp-content\/uploads\/2026\/04\/DelpastrePortrait.png 1403w, https:\/\/ostau-occitan.org\/wp-content\/uploads\/2026\/04\/DelpastrePortrait-300x96.png 300w, https:\/\/ostau-occitan.org\/wp-content\/uploads\/2026\/04\/DelpastrePortrait-1024x326.png 1024w, https:\/\/ostau-occitan.org\/wp-content\/uploads\/2026\/04\/DelpastrePortrait-768x245.png 768w\" sizes=\"auto, (max-width: 1403px) 100vw, 1403px\" \/><\/a><\/figure><div class=\"vsel-text\"><p>DESSEIRADA MARCELA DELPASTRE dens l&#8217;encastre deu Printemps des Po\u00e8tese deu centenari de la vaduda de Marcela Delpastre Dissabte 21 de mar\u00e7 de 2026, dens l&#8217;encastre deu Printemps des Po\u00e8tes e deu centenari de la vaduda de Marcela Delpastre, Le Poly\u00e8dre, mediat\u00e8ca de Vasats e lo Cin\u00e9ma Vog perpausan ua desseirada dedicada \u00e0 l&#8217;\u00f2bra de la [&hellip;]<\/p>\n<a class=\"vsel-read-more\" href=\"https:\/\/ostau-occitan.org\/oc\/event\/desseirada-marcela-delpastre-a-vasats\/\" rel=\"bookmark\">L\u00e9ger la seguida<\/a><\/div><\/div><\/div><div id=\"event-12898\" class=\"vsel-content encontra hesta vsel-past\"><div class=\"vsel-meta vsel-alignleft\" style=\"width:25%;\"><h3 class=\"vsel-meta-title\"><a href=\"https:\/\/ostau-occitan.org\/oc\/event\/tombola-per-los-calendrons\/\" rel=\"bookmark\" title=\"Tombola per los calendrons\">Tombola per los calendrons<\/a><\/h3><div class=\"vsel-meta-date-icon vsel-meta-single-date-icon\"><div class=\"vsel-start-icon\"><a href=\"https:\/\/ostau-occitan.org\/oc\/event\/tombola-per-los-calendrons\/\" rel=\"bookmark\"><span class=\"vsel-day vsel-day-top\">14<\/span><span class=\"vsel-month\">Mar<\/span><span class=\"vsel-year\">2026<\/span><\/a><\/div><\/div><div class=\"vsel-meta-time vsel-meta-all-day\">All-day event<\/div><div class=\"vsel-meta-location\">L\u00f2c : <span>Calandreta de la Dauna<\/span><\/div><div class=\"vsel-meta-cats\">encontra | h\u00e8sta<\/div><\/div><div class=\"vsel-info vsel-alignright\" style=\"width:71%;\"><figure class=\"vsel-image vsel-alignright\" style=\"max-width:35%;\"><a href=\"https:\/\/ostau-occitan.org\/oc\/event\/tombola-per-los-calendrons\/\" rel=\"bookmark\"><img loading=\"lazy\" decoding=\"async\" width=\"1280\" height=\"853\" src=\"https:\/\/ostau-occitan.org\/wp-content\/uploads\/2026\/04\/gabriela-motta-lottery-7160423_1280.jpg\" class=\"vsel-image-img wp-post-image\" alt=\"gabriela-motta-lottery-7160423_1280\" srcset=\"https:\/\/ostau-occitan.org\/wp-content\/uploads\/2026\/04\/gabriela-motta-lottery-7160423_1280.jpg 1280w, https:\/\/ostau-occitan.org\/wp-content\/uploads\/2026\/04\/gabriela-motta-lottery-7160423_1280-300x200.jpg 300w, https:\/\/ostau-occitan.org\/wp-content\/uploads\/2026\/04\/gabriela-motta-lottery-7160423_1280-1024x682.jpg 1024w, https:\/\/ostau-occitan.org\/wp-content\/uploads\/2026\/04\/gabriela-motta-lottery-7160423_1280-768x512.jpg 768w\" sizes=\"auto, (max-width: 1280px) 100vw, 1280px\" \/><\/a><\/figure><div class=\"vsel-text\"><p>TOMBOLA Au profit de la calandreta de la Dauna POURQUOI UNE TOMBOLA ? Chaque ticket achet\u00e9 soutient directement la Calandreta de la Dauna, \u00e9cole associative, la\u00efque et immersive en occitan, qui accueille les enfants depuis plus de 20 ans. Votre participation contribue \u00e0 financer le personnel, le mat\u00e9riel et les locaux. QUELS SONT LES LOTS [&hellip;]<\/p>\n<a class=\"vsel-read-more\" href=\"https:\/\/ostau-occitan.org\/oc\/event\/tombola-per-los-calendrons\/\" rel=\"bookmark\">L\u00e9ger la seguida<\/a><\/div><\/div><\/div><div id=\"event-12888\" class=\"vsel-content vsel-past\"><div class=\"vsel-meta vsel-alignleft\" style=\"width:25%;\"><h3 class=\"vsel-meta-title\"><a href=\"https:\/\/ostau-occitan.org\/oc\/event\/prima-occitana-2026\/\" rel=\"bookmark\" title=\"Prima occitana 2026\">Prima occitana 2026<\/a><\/h3><div class=\"vsel-meta-date-icon vsel-meta-combined-date-icon\"><div class=\"vsel-start-icon\"><a href=\"https:\/\/ostau-occitan.org\/oc\/event\/prima-occitana-2026\/\" rel=\"bookmark\"><span class=\"vsel-day vsel-day-top\">13<\/span><span class=\"vsel-month\">Mar<\/span><span class=\"vsel-year\">2026<\/span><\/a><\/div><div class=\"vsel-end-icon\"><a href=\"https:\/\/ostau-occitan.org\/oc\/event\/prima-occitana-2026\/\" rel=\"bookmark\"><span class=\"vsel-day vsel-day-top\">14<\/span><span class=\"vsel-month\">Mar<\/span><span class=\"vsel-year\">2026<\/span><\/a><\/div><\/div><div class=\"vsel-meta-time vsel-meta-all-day\">All-day event<\/div><\/div><div class=\"vsel-info vsel-alignright\" style=\"width:71%;\"><figure class=\"vsel-image vsel-alignright\" style=\"max-width:35%;\"><a href=\"https:\/\/ostau-occitan.org\/oc\/event\/prima-occitana-2026\/\" rel=\"bookmark\"><img loading=\"lazy\" decoding=\"async\" width=\"657\" height=\"917\" src=\"https:\/\/ostau-occitan.org\/wp-content\/uploads\/2026\/04\/Primaoccitana2026.png\" class=\"vsel-image-img wp-post-image\" alt=\"Primaoccitana2026\" srcset=\"https:\/\/ostau-occitan.org\/wp-content\/uploads\/2026\/04\/Primaoccitana2026.png 657w, https:\/\/ostau-occitan.org\/wp-content\/uploads\/2026\/04\/Primaoccitana2026-215x300.png 215w\" sizes=\"auto, (max-width: 657px) 100vw, 657px\" \/><\/a><\/figure><div class=\"vsel-text\"><p>PRIMA OCCITANA 2026 Hestenau de lenga e de cultura occitanas Les 13 et 14 mars prochains, l\u2019association Bol\u00e8ga et l&#8217;association Calandreta de la Dauna vous invitent \u00e0 un grand moment de f\u00eate, de partage et de convivialit\u00e9 \u00e0 l\u2019occasion du festival Prima Occitana ! Deux journ\u00e9es ouvertes \u00e0 tous pour c\u00e9l\u00e9brer la richesse de la [&hellip;]<\/p>\n<a class=\"vsel-read-more\" href=\"https:\/\/ostau-occitan.org\/oc\/event\/prima-occitana-2026\/\" rel=\"bookmark\">L\u00e9ger la seguida<\/a><\/div><\/div><\/div><div id=\"event-12895\" class=\"vsel-content vsel-past\"><div class=\"vsel-meta vsel-alignleft\" style=\"width:25%;\"><h3 class=\"vsel-meta-title\"><a href=\"https:\/\/ostau-occitan.org\/oc\/event\/lostau-occitan-au-colegi-de-castelnau-dau-medoc\/\" rel=\"bookmark\" title=\"L\u2019Ostau Occitan au col\u00e8gi de Cast\u00e8lnau dau Med\u00f2c\">L\u2019Ostau Occitan au col\u00e8gi de Cast\u00e8lnau dau Med\u00f2c<\/a><\/h3><div class=\"vsel-meta-date-icon vsel-meta-single-date-icon\"><div class=\"vsel-start-icon\"><a href=\"https:\/\/ostau-occitan.org\/oc\/event\/lostau-occitan-au-colegi-de-castelnau-dau-medoc\/\" rel=\"bookmark\"><span class=\"vsel-day vsel-day-top\">6<\/span><span class=\"vsel-month\">Feb<\/span><span class=\"vsel-year\">2026<\/span><\/a><\/div><\/div><div class=\"vsel-meta-time vsel-meta-all-day\">All-day event<\/div><div class=\"vsel-meta-location\">L\u00f2c : <span>Coll\u00e8gi de Castelanu dau Med\u00f2c<\/span><\/div><\/div><div class=\"vsel-info vsel-alignright\" style=\"width:71%;\"><figure class=\"vsel-image vsel-alignright\" style=\"max-width:35%;\"><a href=\"https:\/\/ostau-occitan.org\/oc\/event\/lostau-occitan-au-colegi-de-castelnau-dau-medoc\/\" rel=\"bookmark\"><img loading=\"lazy\" decoding=\"async\" width=\"2016\" height=\"1512\" src=\"https:\/\/ostau-occitan.org\/wp-content\/uploads\/2026\/04\/Canterana3.jpeg\" class=\"vsel-image-img wp-post-image\" alt=\"Canterana3\" srcset=\"https:\/\/ostau-occitan.org\/wp-content\/uploads\/2026\/04\/Canterana3.jpeg 2016w, https:\/\/ostau-occitan.org\/wp-content\/uploads\/2026\/04\/Canterana3-300x225.jpeg 300w, https:\/\/ostau-occitan.org\/wp-content\/uploads\/2026\/04\/Canterana3-1024x768.jpeg 1024w, https:\/\/ostau-occitan.org\/wp-content\/uploads\/2026\/04\/Canterana3-768x576.jpeg 768w, https:\/\/ostau-occitan.org\/wp-content\/uploads\/2026\/04\/Canterana3-1536x1152.jpeg 1536w\" sizes=\"auto, (max-width: 2016px) 100vw, 2016px\" \/><\/a><\/figure><div class=\"vsel-text\"><p>L&#8217;Ostau Occitanau col\u00e8gi de Cast\u00e8lnau dau Med\u00f2c Lo 6 de heur\u00e8r, dens l&#8217;encastre d&#8217;un escambi ERASMUS d&#8217;eslh\u00e8vas dau col\u00e8gi public Canterane (Cast\u00e8lnau dau Med\u00f2c) damb colegians de Lanzarote (Isla Canaria), L&#8217;Ostau Occitan a perpausat ua animacion per lo grop LACAN&#8217;\u00d2C de L&#8217;Ostau Occitan IEO33. 6 de heur\u00e8r 2026<\/p>\n<a class=\"vsel-read-more\" href=\"https:\/\/ostau-occitan.org\/oc\/event\/lostau-occitan-au-colegi-de-castelnau-dau-medoc\/\" rel=\"bookmark\">L\u00e9ger la seguida<\/a><\/div><\/div><\/div><div class=\"vsel-nav-numeric\"><span aria-current=\"page\" class=\"page-numbers current\">1<\/span>\n<a class=\"page-numbers\" href=\"https:\/\/ostau-occitan.org\/oc\/wp-json\/wp\/v2\/pages\/12859\/page\/2\/\">2<\/a>\n<a class=\"page-numbers\" href=\"https:\/\/ostau-occitan.org\/oc\/wp-json\/wp\/v2\/pages\/12859\/page\/3\/\">3<\/a>\n<span class=\"page-numbers dots\">&hellip;<\/span>\n<a class=\"page-numbers\" href=\"https:\/\/ostau-occitan.org\/oc\/wp-json\/wp\/v2\/pages\/12859\/page\/33\/\">33<\/a>\n<a class=\"next page-numbers\" href=\"https:\/\/ostau-occitan.org\/oc\/wp-json\/wp\/v2\/pages\/12859\/page\/2\/\">Next &raquo;<\/a><\/div><\/div>","protected":false},"excerpt":{"rendered":"","protected":false},"author":4,"featured_media":12861,"parent":0,"menu_order":0,"comment_status":"closed","ping_status":"closed","template":"","meta":{"_uag_custom_page_level_css":"","site-sidebar-layout":"default","site-content-layout":"","ast-site-content-layout":"default","site-content-style":"default","site-sidebar-style":"default","ast-global-header-display":"","ast-banner-title-visibility":"","ast-main-header-display":"","ast-hfb-above-header-display":"","ast-hfb-below-header-display":"","ast-hfb-mobile-header-display":"","site-post-title":"disabled","ast-breadcrumbs-content":"","ast-featured-img":"disabled","footer-sml-layout":"","ast-disable-related-posts":"","theme-transparent-header-meta":"","adv-header-id-meta":"","stick-header-meta":"","header-above-stick-meta":"","header-main-stick-meta":"","header-below-stick-meta":"","astra-migrate-meta-layouts":"set","ast-page-background-enabled":"default","ast-page-background-meta":{"desktop":{"background-color":"var(--ast-global-color-4)","background-image":"","background-repeat":"repeat","background-position":"center center","background-size":"auto","background-attachment":"scroll","background-type":"","background-media":"","overlay-type":"","overlay-color":"","overlay-opacity":"","overlay-gradient":""},"tablet":{"background-color":"","background-image":"","background-repeat":"repeat","background-position":"center center","background-size":"auto","background-attachment":"scroll","background-type":"","background-media":"","overlay-type":"","overlay-color":"","overlay-opacity":"","overlay-gradient":""},"mobile":{"background-color":"","background-image":"","background-repeat":"repeat","background-position":"center center","background-size":"auto","background-attachment":"scroll","background-type":"","background-media":"","overlay-type":"","overlay-color":"","overlay-opacity":"","overlay-gradient":""}},"ast-content-background-meta":{"desktop":{"background-color":"var(--ast-global-color-5)","background-image":"","background-repeat":"repeat","background-position":"center center","background-size":"auto","background-attachment":"scroll","background-type":"","background-media":"","overlay-type":"","overlay-color":"","overlay-opacity":"","overlay-gradient":""},"tablet":{"background-color":"var(--ast-global-color-5)","background-image":"","background-repeat":"repeat","background-position":"center center","background-size":"auto","background-attachment":"scroll","background-type":"","background-media":"","overlay-type":"","overlay-color":"","overlay-opacity":"","overlay-gradient":""},"mobile":{"background-color":"var(--ast-global-color-5)","background-image":"","background-repeat":"repeat","background-position":"center center","background-size":"auto","background-attachment":"scroll","background-type":"","background-media":"","overlay-type":"","overlay-color":"","overlay-opacity":"","overlay-gradient":""}},"footnotes":""},"class_list":["post-12859","page","type-page","status-publish","has-post-thumbnail","hentry"],"translation":{"provider":"WPGlobus","version":"3.0.2","language":"oc","enabled_languages":["fr","oc"],"languages":{"fr":{"title":true,"content":true,"excerpt":false},"oc":{"title":false,"content":false,"excerpt":false}}},"uagb_featured_image_src":{"full":["https:\/\/ostau-occitan.org\/wp-content\/uploads\/2026\/04\/peinture-1.png",800,300,false],"thumbnail":["https:\/\/ostau-occitan.org\/wp-content\/uploads\/2026\/04\/peinture-1-150x150.png",150,150,true],"medium":["https:\/\/ostau-occitan.org\/wp-content\/uploads\/2026\/04\/peinture-1-300x113.png",300,113,true],"medium_large":["https:\/\/ostau-occitan.org\/wp-content\/uploads\/2026\/04\/peinture-1-768x288.png",768,288,true],"large":["https:\/\/ostau-occitan.org\/wp-content\/uploads\/2026\/04\/peinture-1.png",800,300,false],"1536x1536":["https:\/\/ostau-occitan.org\/wp-content\/uploads\/2026\/04\/peinture-1.png",800,300,false],"2048x2048":["https:\/\/ostau-occitan.org\/wp-content\/uploads\/2026\/04\/peinture-1.png",800,300,false]},"uagb_author_info":{"display_name":"Ostau Occitan","author_link":"https:\/\/ostau-occitan.org\/oc\/author\/ostau\/"},"uagb_comment_info":0,"uagb_excerpt":null,"_links":{"self":[{"href":"https:\/\/ostau-occitan.org\/oc\/wp-json\/wp\/v2\/pages\/12859","targetHints":{"allow":["GET"]}}],"collection":[{"href":"https:\/\/ostau-occitan.org\/oc\/wp-json\/wp\/v2\/pages"}],"about":[{"href":"https:\/\/ostau-occitan.org\/oc\/wp-json\/wp\/v2\/types\/page"}],"author":[{"embeddable":true,"href":"https:\/\/ostau-occitan.org\/oc\/wp-json\/wp\/v2\/users\/4"}],"replies":[{"embeddable":true,"href":"https:\/\/ostau-occitan.org\/oc\/wp-json\/wp\/v2\/comments?post=12859"}],"version-history":[{"count":21,"href":"https:\/\/ostau-occitan.org\/oc\/wp-json\/wp\/v2\/pages\/12859\/revisions"}],"predecessor-version":[{"id":12901,"href":"https:\/\/ostau-occitan.org\/oc\/wp-json\/wp\/v2\/pages\/12859\/revisions\/12901"}],"wp:featuredmedia":[{"embeddable":true,"href":"https:\/\/ostau-occitan.org\/oc\/wp-json\/wp\/v2\/media\/12861"}],"wp:attachment":[{"href":"https:\/\/ostau-occitan.org\/oc\/wp-json\/wp\/v2\/media?parent=12859"}],"curies":[{"name":"wp","href":"https:\/\/api.w.org\/{rel}","templated":true}]}}